{"id":9516,"date":"2020-03-14T10:13:18","date_gmt":"2020-03-14T09:13:18","guid":{"rendered":"https:\/\/luba.de\/product\/lindenholzschuessel-aus-einem-stueck-16-cm-oe\/"},"modified":"2026-02-09T15:09:29","modified_gmt":"2026-02-09T14:09:29","slug":"lindenholzschuessel-aus-einem-stueck-16-cm-oe","status":"publish","type":"product","link":"https:\/\/luba.de\/en\/lindenholzschuessel-aus-einem-stueck-16-cm-oe\/","title":{"rendered":"Lindenholzsch\u00fcssel aus einem St\u00fcck 16 cm \u00f8"},"content":{"rendered":"<p>Lindenholzsch\u00fcssel naturbehandelt, als Auffanggef\u00e4\u00df f\u00fcr Ihre Getreidem\u00fchle &#8211; auch f\u00fcr Obst, Brot oder Geb\u00e4ck gut geeignet.<\/p>\n","protected":false},"excerpt":{"rendered":"<p>Lindenholzsch\u00fcssel naturbehandelt, als Auffanggef\u00e4\u00df f\u00fcr Ihre Getreidem\u00fchle &#8211; auch f\u00fcr Obst, Brot oder Geb\u00e4ck gut geeignet.<\/p>\n","protected":false},"featured_media":13720,"comment_status":"closed","ping_status":"closed","template":"","meta":{"_acf_changed":false},"pwb-brand":[1185],"product_brand":[],"product_cat":[909],"product_tag":[],"class_list":{"0":"post-9516","1":"product","2":"type-product","3":"status-publish","4":"has-post-thumbnail","6":"pwb-brand-malom-en","7":"product_cat-bowls-en","9":"first","10":"instock","11":"taxable","12":"shipping-taxable","13":"purchasable","14":"product-type-simple"},"bundled_by":["8671"],"bundle_stock_status":"instock","bundle_stock_quantity":9,"bundle_virtual":false,"bundle_layout":"","bundle_add_to_cart_form_location":"","bundle_editable_in_cart":false,"bundle_sold_individually_context":"","bundle_item_grouping":"","bundle_min_size":"","bundle_max_size":"","bundle_price":[],"bundled_items":[],"bundle_sell_ids":[],"exclude_global_add_ons":[],"addons":[],"acf":[],"brands":[{"id":1185,"name":"Malom","slug":"malom-en"}],"_links":{"self":[{"href":"https:\/\/luba.de\/en\/wp-json\/wp\/v2\/product\/9516","targetHints":{"allow":["GET"]}}],"collection":[{"href":"https:\/\/luba.de\/en\/wp-json\/wp\/v2\/product"}],"about":[{"href":"https:\/\/luba.de\/en\/wp-json\/wp\/v2\/types\/product"}],"replies":[{"embeddable":true,"href":"https:\/\/luba.de\/en\/wp-json\/wp\/v2\/comments?post=9516"}],"wp:featuredmedia":[{"embeddable":true,"href":"https:\/\/luba.de\/en\/wp-json\/wp\/v2\/media\/13720"}],"wp:attachment":[{"href":"https:\/\/luba.de\/en\/wp-json\/wp\/v2\/media?parent=9516"}],"wp:term":[{"taxonomy":"pwb-brand","embeddable":true,"href":"https:\/\/luba.de\/en\/wp-json\/wp\/v2\/pwb-brand?post=9516"},{"taxonomy":"product_brand","embeddable":true,"href":"https:\/\/luba.de\/en\/wp-json\/wp\/v2\/product_brand?post=9516"},{"taxonomy":"product_cat","embeddable":true,"href":"https:\/\/luba.de\/en\/wp-json\/wp\/v2\/product_cat?post=9516"},{"taxonomy":"product_tag","embeddable":true,"href":"https:\/\/luba.de\/en\/wp-json\/wp\/v2\/product_tag?post=9516"}],"curies":[{"name":"wp","href":"https:\/\/api.w.org\/{rel}","templated":true}]}}