{"id":9526,"date":"2020-03-14T10:13:18","date_gmt":"2020-03-14T09:13:18","guid":{"rendered":"https:\/\/luba.de\/product\/mehl-sieb-20-cm-oe-maschenweite-0-5-mm\/"},"modified":"2026-04-10T15:23:56","modified_gmt":"2026-04-10T13:23:56","slug":"mehl-sieb-20-cm-oe-maschenweite-0-5-mm","status":"publish","type":"product","link":"https:\/\/luba.de\/en\/mehl-sieb-20-cm-oe-maschenweite-0-5-mm\/","title":{"rendered":"Mehl-Sieb 20 cm \u00f8, Maschenweite 0, 5 mm"},"content":{"rendered":"<p>Mehlsiebe sind n\u00fctzlich, wenn Sie \u201cwei\u00dfes\u201d Mehl zum Backen verwenden m\u00f6chten. Die zur\u00fcckbleibende Kleie l\u00e4sst sich beim Kochen kreativ verwenden.<\/p>\n<p>Geh\u00e4use aus Holz; feines Gittersieb aus Drahtgeflecht<br \/>\nDurchmesser 20 cm<br \/>\nMaschenweite 0,5 mm<\/p>\n<p>Das Griesieb ist zum Trennen von Mehl und Kleie.<\/p>\n","protected":false},"excerpt":{"rendered":"<p>Mehlsiebe sind n\u00fctzlich, wenn Sie \u201cwei\u00dfes\u201d Mehl zum Backen verwenden m\u00f6chten. Die zur\u00fcckbleibende Kleie l\u00e4sst sich beim Kochen kreativ verwenden. Geh\u00e4use aus Holz; feines Gittersieb aus Drahtgeflecht Durchmesser 20 cm Maschenweite 0,5 mm Das Griesieb ist zum Trennen von Mehl und Kleie.<\/p>\n","protected":false},"featured_media":14243,"comment_status":"closed","ping_status":"closed","template":"","meta":{"_acf_changed":false},"pwb-brand":[],"product_brand":[],"product_cat":[1009],"product_tag":[],"class_list":{"0":"post-9526","1":"product","2":"type-product","3":"status-publish","4":"has-post-thumbnail","6":"product_cat-sieves","8":"first","9":"instock","10":"taxable","11":"shipping-taxable","12":"purchasable","13":"product-type-simple"},"bundled_by":["9157"],"bundle_stock_status":"instock","bundle_stock_quantity":100,"bundle_virtual":false,"bundle_layout":"","bundle_add_to_cart_form_location":"","bundle_editable_in_cart":false,"bundle_sold_individually_context":"","bundle_item_grouping":"","bundle_min_size":"","bundle_max_size":"","bundle_price":[],"bundled_items":[],"bundle_sell_ids":[],"exclude_global_add_ons":[],"addons":[],"acf":[],"brands":[],"_links":{"self":[{"href":"https:\/\/luba.de\/en\/wp-json\/wp\/v2\/product\/9526","targetHints":{"allow":["GET"]}}],"collection":[{"href":"https:\/\/luba.de\/en\/wp-json\/wp\/v2\/product"}],"about":[{"href":"https:\/\/luba.de\/en\/wp-json\/wp\/v2\/types\/product"}],"replies":[{"embeddable":true,"href":"https:\/\/luba.de\/en\/wp-json\/wp\/v2\/comments?post=9526"}],"wp:featuredmedia":[{"embeddable":true,"href":"https:\/\/luba.de\/en\/wp-json\/wp\/v2\/media\/14243"}],"wp:attachment":[{"href":"https:\/\/luba.de\/en\/wp-json\/wp\/v2\/media?parent=9526"}],"wp:term":[{"taxonomy":"pwb-brand","embeddable":true,"href":"https:\/\/luba.de\/en\/wp-json\/wp\/v2\/pwb-brand?post=9526"},{"taxonomy":"product_brand","embeddable":true,"href":"https:\/\/luba.de\/en\/wp-json\/wp\/v2\/product_brand?post=9526"},{"taxonomy":"product_cat","embeddable":true,"href":"https:\/\/luba.de\/en\/wp-json\/wp\/v2\/product_cat?post=9526"},{"taxonomy":"product_tag","embeddable":true,"href":"https:\/\/luba.de\/en\/wp-json\/wp\/v2\/product_tag?post=9526"}],"curies":[{"name":"wp","href":"https:\/\/api.w.org\/{rel}","templated":true}]}}