{"id":9553,"date":"2020-03-14T10:12:53","date_gmt":"2020-03-14T09:12:53","guid":{"rendered":"https:\/\/luba.de\/product\/abdeckhaube-fuer-eschenfelder-wandflocker\/"},"modified":"2026-03-16T08:39:29","modified_gmt":"2026-03-16T07:39:29","slug":"abdeckhaube-fuer-eschenfelder-wandflocker","status":"publish","type":"product","link":"https:\/\/luba.de\/en\/abdeckhaube-fuer-eschenfelder-wandflocker\/","title":{"rendered":"Abdeckhaube f\u00fcr Eschenfelder-Wandflocker"},"content":{"rendered":"<p>Aus reinem Nesselstoff, bei Bedarf bis 60\u00b0 waschbar. Sch\u00fctzt die Korn-Quetsche und h\u00e4lt sie staubfrei. Nur f\u00fcr das Wandmodell der Eschenfelder Kornquetsche.<\/p>\n","protected":false},"excerpt":{"rendered":"<p>Aus reinem Nesselstoff, bei Bedarf bis 60\u00b0 waschbar. Sch\u00fctzt die Korn-Quetsche und h\u00e4lt sie staubfrei. Nur f\u00fcr das Wandmodell der Eschenfelder Kornquetsche.<\/p>\n","protected":false},"featured_media":9554,"comment_status":"closed","ping_status":"closed","template":"","meta":{"_acf_changed":false},"pwb-brand":[1183],"product_brand":[],"product_cat":[918,848],"product_tag":[],"class_list":{"0":"post-9553","1":"product","2":"type-product","3":"status-publish","4":"has-post-thumbnail","6":"pwb-brand-eschenfelder-en","7":"product_cat-oat-rollers-manual","8":"product_cat-kitchen-appliances-non-electric","10":"first","11":"instock","12":"taxable","13":"shipping-taxable","14":"purchasable","15":"product-type-simple"},"bundled_by":[],"bundle_stock_status":"instock","bundle_stock_quantity":27,"bundle_virtual":false,"bundle_layout":"","bundle_add_to_cart_form_location":"","bundle_editable_in_cart":false,"bundle_sold_individually_context":"","bundle_item_grouping":"","bundle_min_size":"","bundle_max_size":"","bundle_price":[],"bundled_items":[],"bundle_sell_ids":[],"exclude_global_add_ons":[],"addons":[],"acf":[],"brands":[{"id":1183,"name":"Eschenfelder","slug":"eschenfelder-en"}],"_links":{"self":[{"href":"https:\/\/luba.de\/en\/wp-json\/wp\/v2\/product\/9553","targetHints":{"allow":["GET"]}}],"collection":[{"href":"https:\/\/luba.de\/en\/wp-json\/wp\/v2\/product"}],"about":[{"href":"https:\/\/luba.de\/en\/wp-json\/wp\/v2\/types\/product"}],"replies":[{"embeddable":true,"href":"https:\/\/luba.de\/en\/wp-json\/wp\/v2\/comments?post=9553"}],"wp:featuredmedia":[{"embeddable":true,"href":"https:\/\/luba.de\/en\/wp-json\/wp\/v2\/media\/9554"}],"wp:attachment":[{"href":"https:\/\/luba.de\/en\/wp-json\/wp\/v2\/media?parent=9553"}],"wp:term":[{"taxonomy":"pwb-brand","embeddable":true,"href":"https:\/\/luba.de\/en\/wp-json\/wp\/v2\/pwb-brand?post=9553"},{"taxonomy":"product_brand","embeddable":true,"href":"https:\/\/luba.de\/en\/wp-json\/wp\/v2\/product_brand?post=9553"},{"taxonomy":"product_cat","embeddable":true,"href":"https:\/\/luba.de\/en\/wp-json\/wp\/v2\/product_cat?post=9553"},{"taxonomy":"product_tag","embeddable":true,"href":"https:\/\/luba.de\/en\/wp-json\/wp\/v2\/product_tag?post=9553"}],"curies":[{"name":"wp","href":"https:\/\/api.w.org\/{rel}","templated":true}]}}