{"id":9563,"date":"2020-03-14T10:12:53","date_gmt":"2020-03-14T09:12:53","guid":{"rendered":"https:\/\/luba.de\/product\/eschenfelder-naturcook-backplatte-34-5-x-34-5-cm\/"},"modified":"2025-11-18T11:53:41","modified_gmt":"2025-11-18T10:53:41","slug":"eschenfelder-naturcook-backplatte-34-5-x-34-5-cm","status":"publish","type":"product","link":"https:\/\/luba.de\/en\/eschenfelder-naturcook-backplatte-34-5-x-34-5-cm\/","title":{"rendered":"Eschenfelder Naturcook Backplatte 34, 5 x 34, 5 cm"},"content":{"rendered":"<p>Backen wie im Steinbackofen. Hochwertige Backplatte aus spezieller naturbelassenen Tonmischung (Mecorit 95) f\u00fcr die nat\u00fcrliche K\u00fcche, handgemacht. Die por\u00f6se Oberfl\u00e4che nimmt Teigfeuchtigkeit auf, das Backgut, z. B. Pizza, Flammkuchen, Brot wird kross und knusprig. Die vorgeheizte Backplatte gibt die Hitze gleichm\u00e4\u00dfig und schnell ab. Das Besondere: Die Backplatte hat rundherum einen Rand, so dass das Backgut nicht herunterrutschen kann.<\/p>\n","protected":false},"excerpt":{"rendered":"<p>Backen wie im Steinbackofen. Hochwertige Backplatte aus spezieller naturbelassenen Tonmischung (Mecorit 95) f\u00fcr die nat\u00fcrliche K\u00fcche, handgemacht. Die por\u00f6se Oberfl\u00e4che nimmt Teigfeuchtigkeit auf, das Backgut, z. B. Pizza, Flammkuchen, Brot wird kross und knusprig. Die vorgeheizte Backplatte gibt die Hitze gleichm\u00e4\u00dfig und schnell ab. Das Besondere: Die Backplatte hat rundherum einen Rand, so dass das [&#8230;]\n","protected":false},"featured_media":9564,"comment_status":"closed","ping_status":"closed","template":"","meta":{"_acf_changed":false},"pwb-brand":[1183],"product_brand":[],"product_cat":[985],"product_tag":[],"class_list":{"0":"post-9563","1":"product","2":"type-product","3":"status-publish","4":"has-post-thumbnail","6":"pwb-brand-eschenfelder-en","7":"product_cat-baking-trays-stones","9":"first","10":"instock","11":"taxable","12":"shipping-taxable","13":"purchasable","14":"product-type-simple"},"bundled_by":[],"bundle_stock_status":"instock","bundle_stock_quantity":5,"bundle_virtual":false,"bundle_layout":"","bundle_add_to_cart_form_location":"","bundle_editable_in_cart":false,"bundle_sold_individually_context":"","bundle_item_grouping":"","bundle_min_size":"","bundle_max_size":"","bundle_price":[],"bundled_items":[],"bundle_sell_ids":[],"exclude_global_add_ons":[],"addons":[],"acf":[],"brands":[{"id":1183,"name":"Eschenfelder","slug":"eschenfelder-en"}],"_links":{"self":[{"href":"https:\/\/luba.de\/en\/wp-json\/wp\/v2\/product\/9563","targetHints":{"allow":["GET"]}}],"collection":[{"href":"https:\/\/luba.de\/en\/wp-json\/wp\/v2\/product"}],"about":[{"href":"https:\/\/luba.de\/en\/wp-json\/wp\/v2\/types\/product"}],"replies":[{"embeddable":true,"href":"https:\/\/luba.de\/en\/wp-json\/wp\/v2\/comments?post=9563"}],"wp:featuredmedia":[{"embeddable":true,"href":"https:\/\/luba.de\/en\/wp-json\/wp\/v2\/media\/9564"}],"wp:attachment":[{"href":"https:\/\/luba.de\/en\/wp-json\/wp\/v2\/media?parent=9563"}],"wp:term":[{"taxonomy":"pwb-brand","embeddable":true,"href":"https:\/\/luba.de\/en\/wp-json\/wp\/v2\/pwb-brand?post=9563"},{"taxonomy":"product_brand","embeddable":true,"href":"https:\/\/luba.de\/en\/wp-json\/wp\/v2\/product_brand?post=9563"},{"taxonomy":"product_cat","embeddable":true,"href":"https:\/\/luba.de\/en\/wp-json\/wp\/v2\/product_cat?post=9563"},{"taxonomy":"product_tag","embeddable":true,"href":"https:\/\/luba.de\/en\/wp-json\/wp\/v2\/product_tag?post=9563"}],"curies":[{"name":"wp","href":"https:\/\/api.w.org\/{rel}","templated":true}]}}