{"id":9565,"date":"2020-03-14T10:12:53","date_gmt":"2020-03-14T09:12:53","guid":{"rendered":"https:\/\/luba.de\/product\/eschenfelder-malzmuehle-mit-holztrichter\/"},"modified":"2025-10-11T23:40:08","modified_gmt":"2025-10-11T21:40:08","slug":"eschenfelder-malzmuehle-mit-holztrichter","status":"publish","type":"product","link":"https:\/\/luba.de\/en\/eschenfelder-malzmuehle-mit-holztrichter\/","title":{"rendered":"Eschenfelder Malzm\u00fchle mit Holztrichter"},"content":{"rendered":"<div class=\"produkt_beschreibung\">\n<p>Macht Bierbrauen zu Ihrem Lieblingshobby. Selbst gebraut und frisch gezapft &#8211; so schmeckt Bier am besten. Und es ist so einfach! Mit der Eschenfelder Malz-Quetsche schaffen Sie die Grundlage f\u00fcr Ihr eigenes Bier.<\/p>\n<ul>\n<li>Malz-Quetsche bzw. Malzm\u00fchle mit Holztrichter<\/li>\n<li>besonders leichtg\u00e4ngiges Einwalzensystem (Kugellager)<\/li>\n<li>Walzen: nickelfreier Edelstahl, massiv<\/li>\n<li>Antrieb mit Handkurbel, Bohrmaschine oder Akkuschrauber<\/li>\n<li>Handkurbel und Adapter f\u00fcr Bohrmaschine\/Akkuschrauber im Lieferumfang enthalten!<\/li>\n<li>Trichtervolumen (7 Liter) ist ausgelegt f\u00fcr eine Einf\u00fcllmenge von ca. 4 kg Malz\/Hafer<\/li>\n<li>Leistung: bis 1 kg\/min bei Handkurbelbetrieb, bis 2 kg\/min mit Akkuschrauber\/Bohrmaschine<\/li>\n<li>Mahlst\u00e4rke einstellbar<\/li>\n<li>Bodenbrett und Trichter: Birke Multiplex<\/li>\n<li>Quetschwerk-Seitenteile aus Plexiglas, lebensmittelecht<\/li>\n<li>Kurbell\u00e4nge 22 cm<\/li>\n<li>Ma\u00dfe HxBxT cm 32,0 x 36,5 x 26,0<\/li>\n<li>Trichter und Kurbel demontiert<\/li>\n<li>Gewicht ca. 5,7 kg<\/li>\n<\/ul>\n<\/div>\n<div class=\"produkt_2_abschnitt\">\n<h4>Aufstellen des Ger\u00e4tes<\/h4>\n<p>Die Malz-Quetsche kann mit Schraubzwingen (nicht im Lieferumfang enthalten) an eine Tischkante angeschraubt werden. Hierbei dienen die hinteren Gummif\u00fc\u00dfe als Anschlag an die Tischkante. So kann ein entsprechender Beh\u00e4lter zum Auffangen des Quetschguts untergestellt werden. Es empfiehlt sich hierbei, den Abstand zwischen Quetsche und Gef\u00e4\u00df m\u00f6glichst gering zu halten.<\/p>\n<p>Alternativ kann die Malz-Quetsche auch auf einen Beh\u00e4lter (z.B. ein Fass) gestellt werden. Das geschrotete Malz f\u00e4llt dann direkt in das Fass. Durch das Versetzen von einem oder zwei Gummif\u00fc\u00dfen kann die Lage der Malz- Quetsche dem Gef\u00e4\u00df angepasst werden.<\/p>\n<p>&nbsp;<\/p>\n<p><a href=\"https:\/\/www.eschenfelder.de\/images\/Malz-Quetsche_web.pdf\" target=\"_blank\" rel=\"noopener\"><strong>&gt;&gt;&gt; Bedienungsanleitung<\/strong><\/a><\/p>\n<p><a href=\"https:\/\/www.eschenfelder.de\/images\/Malt_Crusher_-_Instructions_web.pdf\" target=\"_blank\" rel=\"noopener\"><strong>&gt;&gt; &gt; Instructions for use<\/strong><\/a><\/p>\n<\/div>\n","protected":false},"excerpt":{"rendered":"<p>Zum Zerkleinern von Gersten- oder Roggenmalz f\u00fcr die eigene kleine &#8220;Hausbrauerei&#8221;. Antrieb mit Handkurbel, inkl. Adapter f\u00fcr Bohrmaschine oder Akkuschrauber.<br \/>\nZur Herstellung von Haferflocken als Pferdefutter kann gereinigter Hafer in gr\u00f6\u00dferen Mengen gequetscht werden. Mit Edelstahlwalzen 12 cm, Mahlst\u00e4rke einstellbar. Holztrichter.<\/p>\n","protected":false},"featured_media":10107,"comment_status":"closed","ping_status":"closed","template":"","meta":{"_acf_changed":false},"pwb-brand":[1183],"product_brand":[],"product_cat":[848,1014],"product_tag":[],"class_list":{"0":"post-9565","1":"product","2":"type-product","3":"status-publish","4":"has-post-thumbnail","6":"pwb-brand-eschenfelder-en","7":"product_cat-kitchen-appliances-non-electric","8":"product_cat-malt-mills","10":"first","11":"instock","12":"taxable","13":"shipping-taxable","14":"purchasable","15":"product-type-simple"},"bundled_by":[],"bundle_stock_status":"instock","bundle_stock_quantity":1,"bundle_virtual":false,"bundle_layout":"","bundle_add_to_cart_form_location":"","bundle_editable_in_cart":false,"bundle_sold_individually_context":"","bundle_item_grouping":"","bundle_min_size":"","bundle_max_size":"","bundle_price":[],"bundled_items":[],"bundle_sell_ids":[],"exclude_global_add_ons":[],"addons":[],"acf":[],"brands":[{"id":1183,"name":"Eschenfelder","slug":"eschenfelder-en"}],"_links":{"self":[{"href":"https:\/\/luba.de\/en\/wp-json\/wp\/v2\/product\/9565","targetHints":{"allow":["GET"]}}],"collection":[{"href":"https:\/\/luba.de\/en\/wp-json\/wp\/v2\/product"}],"about":[{"href":"https:\/\/luba.de\/en\/wp-json\/wp\/v2\/types\/product"}],"replies":[{"embeddable":true,"href":"https:\/\/luba.de\/en\/wp-json\/wp\/v2\/comments?post=9565"}],"wp:featuredmedia":[{"embeddable":true,"href":"https:\/\/luba.de\/en\/wp-json\/wp\/v2\/media\/10107"}],"wp:attachment":[{"href":"https:\/\/luba.de\/en\/wp-json\/wp\/v2\/media?parent=9565"}],"wp:term":[{"taxonomy":"pwb-brand","embeddable":true,"href":"https:\/\/luba.de\/en\/wp-json\/wp\/v2\/pwb-brand?post=9565"},{"taxonomy":"product_brand","embeddable":true,"href":"https:\/\/luba.de\/en\/wp-json\/wp\/v2\/product_brand?post=9565"},{"taxonomy":"product_cat","embeddable":true,"href":"https:\/\/luba.de\/en\/wp-json\/wp\/v2\/product_cat?post=9565"},{"taxonomy":"product_tag","embeddable":true,"href":"https:\/\/luba.de\/en\/wp-json\/wp\/v2\/product_tag?post=9565"}],"curies":[{"name":"wp","href":"https:\/\/api.w.org\/{rel}","templated":true}]}}