{"id":9570,"date":"2020-03-14T10:12:53","date_gmt":"2020-03-14T09:12:53","guid":{"rendered":"https:\/\/luba.de\/product\/duo-getreidemuehle-und-flocker-handbetrieb\/"},"modified":"2026-04-10T08:38:48","modified_gmt":"2026-04-10T06:38:48","slug":"duo-getreidemuehle-und-flocker-handbetrieb","status":"publish","type":"product","link":"https:\/\/luba.de\/en\/duo-getreidemuehle-und-flocker-handbetrieb\/","title":{"rendered":"Duo &#8211; Getreidem\u00fchle und Flocker &#8211;  Handbetrieb"},"content":{"rendered":"<h2>Getreidem\u00fchle und Flocker in einem Kombiger\u00e4t mit Handbetrieb<\/h2>\n<p>Kombinationsger\u00e4t aus Buchenholz zum Mahlen und Flocken von Getreide. Zweigeteilter Trichter, zwei getrennte Ausl\u00e4ufe.<br \/>\nDas Mahlwerk besteht aus Edelkorund\/Keramik, das Flockwerk ist aus Stahl.<br \/>\nZwei Zwingen zur Befestigung am Tisch sind im Lieferumfang enthalten.<\/p>\n<p>Gewicht: 5,5 kg<br \/>\nMa\u00dfe H\/B\/T: ca. 34\/28\/31 cm<br \/>\nKurbelradius: 22 cm<\/p>\n","protected":false},"excerpt":{"rendered":"<p>Getreidem\u00fchle und Flocker in einem Kombiger\u00e4t mit Handbetrieb Kombinationsger\u00e4t aus Buchenholz zum Mahlen und Flocken von Getreide. Zweigeteilter Trichter, zwei getrennte Ausl\u00e4ufe. Das Mahlwerk besteht aus Edelkorund\/Keramik, das Flockwerk ist aus Stahl. Zwei Zwingen zur Befestigung am Tisch sind im Lieferumfang enthalten. Gewicht: 5,5 kg Ma\u00dfe H\/B\/T: ca. 34\/28\/31 cm Kurbelradius: 22 cm<\/p>\n","protected":false},"featured_media":22740,"comment_status":"closed","ping_status":"closed","template":"","meta":{"_acf_changed":false},"pwb-brand":[1185],"product_brand":[],"product_cat":[918,914],"product_tag":[],"class_list":{"0":"post-9570","1":"product","2":"type-product","3":"status-publish","4":"has-post-thumbnail","6":"pwb-brand-malom-en","7":"product_cat-oat-rollers-manual","8":"product_cat-manually-operated","10":"first","11":"instock","12":"taxable","13":"shipping-taxable","14":"purchasable","15":"product-type-simple"},"bundled_by":[],"bundle_stock_status":"instock","bundle_stock_quantity":100,"bundle_virtual":false,"bundle_layout":"","bundle_add_to_cart_form_location":"","bundle_editable_in_cart":false,"bundle_sold_individually_context":"","bundle_item_grouping":"","bundle_min_size":"","bundle_max_size":"","bundle_price":[],"bundled_items":[],"bundle_sell_ids":[],"exclude_global_add_ons":[],"addons":[],"acf":[],"brands":[{"id":1185,"name":"Malom","slug":"malom-en"}],"_links":{"self":[{"href":"https:\/\/luba.de\/en\/wp-json\/wp\/v2\/product\/9570","targetHints":{"allow":["GET"]}}],"collection":[{"href":"https:\/\/luba.de\/en\/wp-json\/wp\/v2\/product"}],"about":[{"href":"https:\/\/luba.de\/en\/wp-json\/wp\/v2\/types\/product"}],"replies":[{"embeddable":true,"href":"https:\/\/luba.de\/en\/wp-json\/wp\/v2\/comments?post=9570"}],"wp:featuredmedia":[{"embeddable":true,"href":"https:\/\/luba.de\/en\/wp-json\/wp\/v2\/media\/22740"}],"wp:attachment":[{"href":"https:\/\/luba.de\/en\/wp-json\/wp\/v2\/media?parent=9570"}],"wp:term":[{"taxonomy":"pwb-brand","embeddable":true,"href":"https:\/\/luba.de\/en\/wp-json\/wp\/v2\/pwb-brand?post=9570"},{"taxonomy":"product_brand","embeddable":true,"href":"https:\/\/luba.de\/en\/wp-json\/wp\/v2\/product_brand?post=9570"},{"taxonomy":"product_cat","embeddable":true,"href":"https:\/\/luba.de\/en\/wp-json\/wp\/v2\/product_cat?post=9570"},{"taxonomy":"product_tag","embeddable":true,"href":"https:\/\/luba.de\/en\/wp-json\/wp\/v2\/product_tag?post=9570"}],"curies":[{"name":"wp","href":"https:\/\/api.w.org\/{rel}","templated":true}]}}