{"id":9573,"date":"2020-03-14T10:12:53","date_gmt":"2020-03-14T09:12:53","guid":{"rendered":"https:\/\/luba.de\/product\/zassenhaus-handmuehle-190-bu\/"},"modified":"2026-04-16T08:09:55","modified_gmt":"2026-04-16T06:09:55","slug":"zassenhaus-kornmuehle-buche-natur","status":"publish","type":"product","link":"https:\/\/luba.de\/en\/zassenhaus-kornmuehle-buche-natur\/","title":{"rendered":"Zassenhaus Kornm\u00fchle -Buche natur"},"content":{"rendered":"<h2>Zassenhaus Kornm\u00fchle Buche<\/h2>\n<p>Ein knackiges M\u00fcsli oder ein w\u00e4rmendes Porridge geben Power f\u00fcr den Tag. Doch nur frisch gemahlen enthalten Gerste, Hafer, Hirse, Mais und Co. die vollen Vitalstoffe sowie Eisen, Kalium und Kupfer. Die Kornm\u00fchle von Zassenhaus holt das Beste aus K\u00f6rnerfr\u00fcchten und \u00d6lsaat heraus und sorgt auch beim Backen von Brot, Kuchen und Geb\u00e4ck f\u00fcr vollwertigen Genuss. Die M\u00fchle ist aus massivem Buchenholz gefertigt. Ihre eckige Form ist ideal, um sie zwischen den Beinen zu fixieren und ohne gro\u00dfe Kraftanstrengung zu mahlen. Das Mahlwerk aus einem extra geh\u00e4rteten Spezialstahl arbeitet gleichm\u00e4\u00dfig, pr\u00e4zise und ist besonders langlebig. Nicht umsonst gew\u00e4hrt ZASSENHAUS hierauf 25 Jahre Garantie. Den Mahlgrad regulieren Sie bequem und stufenlos an der R\u00e4ndelschraube unterhalb der Kurbel. Zum effizienten Arbeiten tr\u00e4gt auch die ergonomisch geschwungene Kurbel bei. Ihr Mahlgut landet staubfrei in der Schublade, der Inhalt reicht ungef\u00e4hr f\u00fcr zwei Portionen M\u00fcsli. W\u00e4hrend Sie Ihr Fr\u00fchst\u00fcck genie\u00dfen, ist die M\u00fchle im klassischen Design ein sch\u00f6ner Blickfang in der K\u00fcche.<\/p>\n<p>&nbsp;<\/p>\n<p>Zassenhaus Kornm\u00fchle<br \/>\nMaterial: Buchenholz<\/p>\n<p><strong>Ma\u00dfe: <\/strong><br \/>\nL\u00e4nge: 23 cm<br \/>\nBreite: 17 cm<br \/>\nH\u00f6he: 14,5 cm<\/p>\n","protected":false},"excerpt":{"rendered":"<ul>\n<li>massives Buchenholz<\/li>\n<li>mahlt K\u00f6rner und\u00a0\u00d6lsaat<\/li>\n<li><span style=\"color: #555555; font-size: 14.4px;\">langlebiges Mahlwerk \u201eMade in Germany\u201c<\/span><\/li>\n<li><span style=\"color: #555555; font-size: 14.4px;\">klassisch-sch\u00f6nes Design<\/span><\/li>\n<\/ul>\n","protected":false},"featured_media":13010,"comment_status":"closed","ping_status":"closed","template":"","meta":{"_acf_changed":false},"pwb-brand":[1176],"product_brand":[],"product_cat":[913,914],"product_tag":[],"class_list":{"0":"post-9573","1":"product","2":"type-product","3":"status-publish","4":"has-post-thumbnail","6":"pwb-brand-zassenhaus-en","7":"product_cat-manually-operated-grain-mills","8":"product_cat-manually-operated","10":"first","11":"instock","12":"taxable","13":"shipping-taxable","14":"purchasable","15":"product-type-simple"},"bundled_by":[],"bundle_stock_status":"instock","bundle_stock_quantity":100,"bundle_virtual":false,"bundle_layout":"","bundle_add_to_cart_form_location":"","bundle_editable_in_cart":false,"bundle_sold_individually_context":"","bundle_item_grouping":"","bundle_min_size":"","bundle_max_size":"","bundle_price":[],"bundled_items":[],"bundle_sell_ids":[],"exclude_global_add_ons":[],"addons":[],"acf":[],"brands":[{"id":1176,"name":"Zassenhaus","slug":"zassenhaus-en"}],"_links":{"self":[{"href":"https:\/\/luba.de\/en\/wp-json\/wp\/v2\/product\/9573","targetHints":{"allow":["GET"]}}],"collection":[{"href":"https:\/\/luba.de\/en\/wp-json\/wp\/v2\/product"}],"about":[{"href":"https:\/\/luba.de\/en\/wp-json\/wp\/v2\/types\/product"}],"replies":[{"embeddable":true,"href":"https:\/\/luba.de\/en\/wp-json\/wp\/v2\/comments?post=9573"}],"wp:featuredmedia":[{"embeddable":true,"href":"https:\/\/luba.de\/en\/wp-json\/wp\/v2\/media\/13010"}],"wp:attachment":[{"href":"https:\/\/luba.de\/en\/wp-json\/wp\/v2\/media?parent=9573"}],"wp:term":[{"taxonomy":"pwb-brand","embeddable":true,"href":"https:\/\/luba.de\/en\/wp-json\/wp\/v2\/pwb-brand?post=9573"},{"taxonomy":"product_brand","embeddable":true,"href":"https:\/\/luba.de\/en\/wp-json\/wp\/v2\/product_brand?post=9573"},{"taxonomy":"product_cat","embeddable":true,"href":"https:\/\/luba.de\/en\/wp-json\/wp\/v2\/product_cat?post=9573"},{"taxonomy":"product_tag","embeddable":true,"href":"https:\/\/luba.de\/en\/wp-json\/wp\/v2\/product_tag?post=9573"}],"curies":[{"name":"wp","href":"https:\/\/api.w.org\/{rel}","templated":true}]}}