{"id":9575,"date":"2020-03-14T10:12:53","date_gmt":"2020-03-14T09:12:53","guid":{"rendered":"https:\/\/luba.de\/product\/kornkraft-mulino\/"},"modified":"2026-04-20T14:54:07","modified_gmt":"2026-04-20T12:54:07","slug":"kornkraft-mulino","status":"publish","type":"product","link":"https:\/\/luba.de\/en\/kornkraft-mulino\/","title":{"rendered":"Kornkraft Mulino"},"content":{"rendered":"<h2>Kornkraft Mulino Handgetreidem\u00fchle<\/h2>\n<p>Kraftvoll, fl\u00fcsterleise und ohne viel Raum zu beanspruchen, macht sich die Mulino ans t\u00e4gliche (Mahl-) Werk. Sie mahlt m\u00fchelos alle Getreidesorten au\u00dfer Mais direkt in die kleine Schublade. \u00d6lsaaten bitte nur unter Beimischung von Getreide.<\/p>\n<p><strong>Sch\u00f6n und gut:<\/strong>\u00a0Da bleibt genug Kraft f\u00fcrs Wesentliche: Dank leistungsf\u00e4higem Mahlwerk und hochwertigem Kugellager l\u00e4\u00dft sich die Kurbel aus poliertem Edelstahl kinderleicht drehen, der gleitgelagerte Knauf liegt fest in der Hand. Und der nach zwei Seiten offene Trichter macht das Einf\u00fcllen leicht.<\/p>\n<p><strong>Mahlgut:<\/strong>\u00a0Alle Getreidearten au\u00dfer Mais<\/p>\n<p><strong>Mahlfeinheit:<\/strong>\u00a0Stufenlos einstellbar von M\u00fcsli bis mehlfein.<\/p>\n<p><strong>Kurbel:<\/strong>\u00a0Edelstahl, geschliffen und poliert.<\/p>\n<p><strong>Innere Werte:<\/strong>\u00a0Das selbstsch\u00e4rfende und selbstzentrierende Kegelmahlwerk aus Naturmaterialien hat sich bereits seit Jahren bestens bew\u00e4hrt. Es arbeitet r\u00fcckstandsfrei und braucht deshalb nach Gebrauch nicht gereinigt zu werden.<\/p>\n<p><strong>Mahlstein:<\/strong>\u00a0Naxos-Basalt, in Magnesit-Salz-Bindung<\/p>\n<p><strong>Leistung:<\/strong><br \/>\nGrob: 100 Gramm Weizen pro Minute (entspricht zweieinhalb Portionen M\u00fcsli)<br \/>\nFein: 30 Gramm Weizen pro Minute<\/p>\n<p><strong>F\u00fcllmenge:<\/strong>\u00a0200 Gramm<\/p>\n<p><strong>Nahe liegend:<\/strong>\u00a0Alle H\u00f6lzer, die Kornkraft verarbeitet, stammen aus heimischer Forstwirtschaft. Die gewachste und seidig polierte Oberfl\u00e4che verbindet sympathische Erscheinung mit \u00f6kologischer Konsequenz.<\/p>\n<p><strong>Geh\u00e4use:<\/strong>\u00a0Buche<\/p>\n<p><strong>Oberfl\u00e4che:<\/strong> Mit biologischem Auro-Bienenwachsbalsam behandelt.<\/p>\n<p><strong>Gut gemacht:<\/strong>\u00a0Die ger\u00e4umige Schublade f\u00e4ngt Ihr Mahlgut vollst\u00e4ndig auf, die Lade l\u00e4\u00dft sich leicht entnehmen. Gleichzeitig wird sie von zwei Federn gesichert, wenn Sie die M\u00fchle schr\u00e4g oder senkrecht halten. Ergonomisch gerundete Seiten erleichtern das Mahlen im Sitzen. Und wenn Ihre M\u00fchle steht, sch\u00fctzen die Filzgleiter an der Unterseite, was Ihnen lieb und wert ist.<\/p>\n<p><strong>Ma\u00dfe:<\/strong>\u00a024,5 x 15,5 x 15,5 cm (ohne Kurbel)<\/p>\n<p><strong>Kurbelradius:<\/strong>\u00a011,6 cm<\/p>\n<p><strong>Gewicht:<\/strong> 1,4 kg<\/p>\n<p><strong>Zubeh\u00f6r:<\/strong>\u00a0Zwei zus\u00e4tzlich lieferbare Tischhalterungen zur sicheren Montage auf Arbeitsplatten.<\/p>\n<p><strong>Sicher ist sicher:<\/strong> Korkraft setzt auf Qualit\u00e4t.<\/p>\n<p><strong>Garantie:<\/strong>\u00a010 Jahre<\/p>\n","protected":false},"excerpt":{"rendered":"<p>Kornkraft Mulino Handgetreidem\u00fchle Kraftvoll, fl\u00fcsterleise und ohne viel Raum zu beanspruchen, macht sich die Mulino ans t\u00e4gliche (Mahl-) Werk. Sie mahlt m\u00fchelos alle Getreidesorten au\u00dfer Mais direkt in die kleine Schublade. \u00d6lsaaten bitte nur unter Beimischung von Getreide. Sch\u00f6n und gut:\u00a0Da bleibt genug Kraft f\u00fcrs Wesentliche: Dank leistungsf\u00e4higem Mahlwerk und hochwertigem Kugellager l\u00e4\u00dft sich die [&#8230;]\n","protected":false},"featured_media":19492,"comment_status":"closed","ping_status":"closed","template":"","meta":{"_acf_changed":false},"pwb-brand":[1189],"product_brand":[],"product_cat":[913,914],"product_tag":[],"class_list":{"0":"post-9575","1":"product","2":"type-product","3":"status-publish","4":"has-post-thumbnail","6":"pwb-brand-kornkraft-en","7":"product_cat-manually-operated-grain-mills","8":"product_cat-manually-operated","10":"first","11":"instock","12":"taxable","13":"shipping-taxable","14":"purchasable","15":"product-type-simple"},"bundled_by":[],"bundle_stock_status":"instock","bundle_stock_quantity":27,"bundle_virtual":false,"bundle_layout":"","bundle_add_to_cart_form_location":"","bundle_editable_in_cart":false,"bundle_sold_individually_context":"","bundle_item_grouping":"","bundle_min_size":"","bundle_max_size":"","bundle_price":[],"bundled_items":[],"bundle_sell_ids":[],"exclude_global_add_ons":[],"addons":[],"acf":[],"brands":[{"id":1189,"name":"Kornkraft","slug":"kornkraft-en"}],"_links":{"self":[{"href":"https:\/\/luba.de\/en\/wp-json\/wp\/v2\/product\/9575","targetHints":{"allow":["GET"]}}],"collection":[{"href":"https:\/\/luba.de\/en\/wp-json\/wp\/v2\/product"}],"about":[{"href":"https:\/\/luba.de\/en\/wp-json\/wp\/v2\/types\/product"}],"replies":[{"embeddable":true,"href":"https:\/\/luba.de\/en\/wp-json\/wp\/v2\/comments?post=9575"}],"wp:featuredmedia":[{"embeddable":true,"href":"https:\/\/luba.de\/en\/wp-json\/wp\/v2\/media\/19492"}],"wp:attachment":[{"href":"https:\/\/luba.de\/en\/wp-json\/wp\/v2\/media?parent=9575"}],"wp:term":[{"taxonomy":"pwb-brand","embeddable":true,"href":"https:\/\/luba.de\/en\/wp-json\/wp\/v2\/pwb-brand?post=9575"},{"taxonomy":"product_brand","embeddable":true,"href":"https:\/\/luba.de\/en\/wp-json\/wp\/v2\/product_brand?post=9575"},{"taxonomy":"product_cat","embeddable":true,"href":"https:\/\/luba.de\/en\/wp-json\/wp\/v2\/product_cat?post=9575"},{"taxonomy":"product_tag","embeddable":true,"href":"https:\/\/luba.de\/en\/wp-json\/wp\/v2\/product_tag?post=9575"}],"curies":[{"name":"wp","href":"https:\/\/api.w.org\/{rel}","templated":true}]}}