{"id":9579,"date":"2020-03-14T10:12:53","date_gmt":"2020-03-14T09:12:53","guid":{"rendered":"https:\/\/luba.de\/product\/kornkraft-mulino-mit-kaffeemahlstein\/"},"modified":"2026-03-23T10:08:53","modified_gmt":"2026-03-23T09:08:53","slug":"kornkraft-mulino-mit-kaffeemahlstein","status":"publish","type":"product","link":"https:\/\/luba.de\/en\/kornkraft-mulino-mit-kaffeemahlstein\/","title":{"rendered":"Kornkraft Mulino mit Kaffeemahlstein"},"content":{"rendered":"<h1>Kornkraft manuelle Kaffeem\u00fchle<\/h1>\n<p>Handm\u00fchle f\u00fcr Kaffeebohnen, mit speziell geformtem Steinmahlwerk. Der Feinheitsgrad ist beliebig einstellbar, grob f\u00fcr Filterkaffee oder fein f\u00fcr Espresso. Geh\u00e4use aus massiver Buche, mit nat\u00fcrlichem Bienenwachs behandelt. Trichterf\u00fcllmenge ca. 100 g Kaffeebohnen.<\/p>\n","protected":false},"excerpt":{"rendered":"<p>Kornkraft manuelle Kaffeem\u00fchle Handm\u00fchle f\u00fcr Kaffeebohnen, mit speziell geformtem Steinmahlwerk. Der Feinheitsgrad ist beliebig einstellbar, grob f\u00fcr Filterkaffee oder fein f\u00fcr Espresso. Geh\u00e4use aus massiver Buche, mit nat\u00fcrlichem Bienenwachs behandelt. Trichterf\u00fcllmenge ca. 100 g Kaffeebohnen.<\/p>\n","protected":false},"featured_media":19495,"comment_status":"closed","ping_status":"closed","template":"","meta":{"_acf_changed":false},"pwb-brand":[1189],"product_brand":[],"product_cat":[1255],"product_tag":[],"class_list":{"0":"post-9579","1":"product","2":"type-product","3":"status-publish","4":"has-post-thumbnail","6":"pwb-brand-kornkraft-en","7":"product_cat-coffee-mills","9":"first","10":"instock","11":"taxable","12":"shipping-taxable","13":"purchasable","14":"product-type-simple"},"bundled_by":[],"bundle_stock_status":"instock","bundle_stock_quantity":11,"bundle_virtual":false,"bundle_layout":"","bundle_add_to_cart_form_location":"","bundle_editable_in_cart":false,"bundle_sold_individually_context":"","bundle_item_grouping":"","bundle_min_size":"","bundle_max_size":"","bundle_price":[],"bundled_items":[],"bundle_sell_ids":[],"exclude_global_add_ons":[],"addons":[],"acf":[],"brands":[{"id":1189,"name":"Kornkraft","slug":"kornkraft-en"}],"_links":{"self":[{"href":"https:\/\/luba.de\/en\/wp-json\/wp\/v2\/product\/9579","targetHints":{"allow":["GET"]}}],"collection":[{"href":"https:\/\/luba.de\/en\/wp-json\/wp\/v2\/product"}],"about":[{"href":"https:\/\/luba.de\/en\/wp-json\/wp\/v2\/types\/product"}],"replies":[{"embeddable":true,"href":"https:\/\/luba.de\/en\/wp-json\/wp\/v2\/comments?post=9579"}],"wp:featuredmedia":[{"embeddable":true,"href":"https:\/\/luba.de\/en\/wp-json\/wp\/v2\/media\/19495"}],"wp:attachment":[{"href":"https:\/\/luba.de\/en\/wp-json\/wp\/v2\/media?parent=9579"}],"wp:term":[{"taxonomy":"pwb-brand","embeddable":true,"href":"https:\/\/luba.de\/en\/wp-json\/wp\/v2\/pwb-brand?post=9579"},{"taxonomy":"product_brand","embeddable":true,"href":"https:\/\/luba.de\/en\/wp-json\/wp\/v2\/product_brand?post=9579"},{"taxonomy":"product_cat","embeddable":true,"href":"https:\/\/luba.de\/en\/wp-json\/wp\/v2\/product_cat?post=9579"},{"taxonomy":"product_tag","embeddable":true,"href":"https:\/\/luba.de\/en\/wp-json\/wp\/v2\/product_tag?post=9579"}],"curies":[{"name":"wp","href":"https:\/\/api.w.org\/{rel}","templated":true}]}}