{"id":9590,"date":"2020-03-14T10:12:12","date_gmt":"2020-03-14T09:12:12","guid":{"rendered":"https:\/\/luba.de\/product\/royal-cut-schneidebrett-m\/"},"modified":"2025-10-12T01:11:30","modified_gmt":"2025-10-11T23:11:30","slug":"royal-cut-schneidebrett-m","status":"publish","type":"product","link":"https:\/\/luba.de\/en\/royal-cut-schneidebrett-m\/","title":{"rendered":"Royal Cut Schneidebrett M"},"content":{"rendered":"<p>Dekorative Schneideunterlage aus edlem Acryl (Kunststoff). Offene, glatte Schnitte und eine hochfeste Oberfl\u00e4che verhindern das Eindringen von Speiseresten, Verf\u00e4rbungen oder das Anhaften von Bakterien und unangenehmen Ger\u00fcchen. Hochwertig und langlebig, das Aroma der Lebensmittel bleibt erhalten. Lebensmittelfreigabe nach EU Richtlinie 2004\/19\/EG  Ma\u00dfe: 400 x 300 x  20 mm<\/p>\n","protected":false},"excerpt":{"rendered":"<p>Dekorative Schneideunterlage aus edlem Acryl (Kunststoff). Offene, glatte Schnitte und eine hochfeste Oberfl\u00e4che verhindern das Eindringen von Speiseresten, Verf\u00e4rbungen oder das Anhaften von Bakterien und unangenehmen Ger\u00fcchen. Hochwertig und langlebig, das Aroma der Lebensmittel bleibt erhalten. Lebensmittelfreigabe nach EU Richtlinie 2004\/19\/EG Ma\u00dfe: 400 x 300 x 20 mm<\/p>\n","protected":false},"featured_media":11548,"comment_status":"closed","ping_status":"closed","template":"","meta":{"_acf_changed":false},"pwb-brand":[1169],"product_brand":[],"product_cat":[1055],"product_tag":[1056],"class_list":{"0":"post-9590","1":"product","2":"type-product","3":"status-publish","4":"has-post-thumbnail","6":"pwb-brand-tek-en","7":"product_cat-royal-cut-en","8":"product_tag-royal-cut-en","10":"first","11":"instock","12":"taxable","13":"shipping-taxable","14":"purchasable","15":"product-type-simple"},"bundled_by":[],"bundle_stock_status":"instock","bundle_stock_quantity":4,"bundle_virtual":false,"bundle_layout":"","bundle_add_to_cart_form_location":"","bundle_editable_in_cart":false,"bundle_sold_individually_context":"","bundle_item_grouping":"","bundle_min_size":"","bundle_max_size":"","bundle_price":[],"bundled_items":[],"bundle_sell_ids":[],"exclude_global_add_ons":[],"addons":[],"acf":[],"brands":[{"id":1169,"name":"TEK","slug":"tek-en"}],"_links":{"self":[{"href":"https:\/\/luba.de\/en\/wp-json\/wp\/v2\/product\/9590","targetHints":{"allow":["GET"]}}],"collection":[{"href":"https:\/\/luba.de\/en\/wp-json\/wp\/v2\/product"}],"about":[{"href":"https:\/\/luba.de\/en\/wp-json\/wp\/v2\/types\/product"}],"replies":[{"embeddable":true,"href":"https:\/\/luba.de\/en\/wp-json\/wp\/v2\/comments?post=9590"}],"wp:featuredmedia":[{"embeddable":true,"href":"https:\/\/luba.de\/en\/wp-json\/wp\/v2\/media\/11548"}],"wp:attachment":[{"href":"https:\/\/luba.de\/en\/wp-json\/wp\/v2\/media?parent=9590"}],"wp:term":[{"taxonomy":"pwb-brand","embeddable":true,"href":"https:\/\/luba.de\/en\/wp-json\/wp\/v2\/pwb-brand?post=9590"},{"taxonomy":"product_brand","embeddable":true,"href":"https:\/\/luba.de\/en\/wp-json\/wp\/v2\/product_brand?post=9590"},{"taxonomy":"product_cat","embeddable":true,"href":"https:\/\/luba.de\/en\/wp-json\/wp\/v2\/product_cat?post=9590"},{"taxonomy":"product_tag","embeddable":true,"href":"https:\/\/luba.de\/en\/wp-json\/wp\/v2\/product_tag?post=9590"}],"curies":[{"name":"wp","href":"https:\/\/api.w.org\/{rel}","templated":true}]}}