{"id":9591,"date":"2020-03-14T10:12:12","date_gmt":"2020-03-14T09:12:12","guid":{"rendered":"https:\/\/luba.de\/product\/royal-cut-schneidebrett-l\/"},"modified":"2025-10-12T01:11:33","modified_gmt":"2025-10-11T23:11:33","slug":"royal-cut-schneidebrett-l","status":"publish","type":"product","link":"https:\/\/luba.de\/en\/royal-cut-schneidebrett-l\/","title":{"rendered":"Royal Cut Schneidebrett L"},"content":{"rendered":"<p>Schneidekombination aus edlem Acryl. Offene, glatte Schnitte und eine hochfeste Oberfl\u00e4che verhindern das Eindringen von Speiseresten, Verf\u00e4rbungen oder das Anhaften von Bakterien und unangenehmen Ger\u00fcchen. Das Aroma der Lebensmittel bleibt erhalten. Ma\u00df: 500 x 350 x 20 mm<\/p>\n","protected":false},"excerpt":{"rendered":"<p>Schneidekombination aus edlem Acryl. Offene, glatte Schnitte und eine hochfeste Oberfl\u00e4che verhindern das Eindringen von Speiseresten, Verf\u00e4rbungen oder das Anhaften von Bakterien und unangenehmen Ger\u00fcchen. Das Aroma der Lebensmittel bleibt erhalten. Ma\u00df: 500 x 350 x 20 mm<\/p>\n","protected":false},"featured_media":11544,"comment_status":"closed","ping_status":"closed","template":"","meta":{"_acf_changed":false},"pwb-brand":[1169],"product_brand":[],"product_cat":[1055],"product_tag":[1056],"class_list":{"0":"post-9591","1":"product","2":"type-product","3":"status-publish","4":"has-post-thumbnail","6":"pwb-brand-tek-en","7":"product_cat-royal-cut-en","8":"product_tag-royal-cut-en","10":"first","11":"instock","12":"taxable","13":"shipping-taxable","14":"purchasable","15":"product-type-simple"},"bundled_by":[],"bundle_stock_status":"instock","bundle_stock_quantity":5,"bundle_virtual":false,"bundle_layout":"","bundle_add_to_cart_form_location":"","bundle_editable_in_cart":false,"bundle_sold_individually_context":"","bundle_item_grouping":"","bundle_min_size":"","bundle_max_size":"","bundle_price":[],"bundled_items":[],"bundle_sell_ids":[],"exclude_global_add_ons":[],"addons":[],"acf":[],"brands":[{"id":1169,"name":"TEK","slug":"tek-en"}],"_links":{"self":[{"href":"https:\/\/luba.de\/en\/wp-json\/wp\/v2\/product\/9591","targetHints":{"allow":["GET"]}}],"collection":[{"href":"https:\/\/luba.de\/en\/wp-json\/wp\/v2\/product"}],"about":[{"href":"https:\/\/luba.de\/en\/wp-json\/wp\/v2\/types\/product"}],"replies":[{"embeddable":true,"href":"https:\/\/luba.de\/en\/wp-json\/wp\/v2\/comments?post=9591"}],"wp:featuredmedia":[{"embeddable":true,"href":"https:\/\/luba.de\/en\/wp-json\/wp\/v2\/media\/11544"}],"wp:attachment":[{"href":"https:\/\/luba.de\/en\/wp-json\/wp\/v2\/media?parent=9591"}],"wp:term":[{"taxonomy":"pwb-brand","embeddable":true,"href":"https:\/\/luba.de\/en\/wp-json\/wp\/v2\/pwb-brand?post=9591"},{"taxonomy":"product_brand","embeddable":true,"href":"https:\/\/luba.de\/en\/wp-json\/wp\/v2\/product_brand?post=9591"},{"taxonomy":"product_cat","embeddable":true,"href":"https:\/\/luba.de\/en\/wp-json\/wp\/v2\/product_cat?post=9591"},{"taxonomy":"product_tag","embeddable":true,"href":"https:\/\/luba.de\/en\/wp-json\/wp\/v2\/product_tag?post=9591"}],"curies":[{"name":"wp","href":"https:\/\/api.w.org\/{rel}","templated":true}]}}