{"id":9596,"date":"2020-03-14T10:12:12","date_gmt":"2020-03-14T09:12:12","guid":{"rendered":"https:\/\/luba.de\/product\/royal-cut-schneidgut-auffangschalenset-l\/"},"modified":"2025-10-11T23:31:10","modified_gmt":"2025-10-11T21:31:10","slug":"royal-cut-schneidgut-auffangschalenset-l","status":"publish","type":"product","link":"https:\/\/luba.de\/en\/royal-cut-schneidgut-auffangschalenset-l\/","title":{"rendered":"Royal Cut Schneidgut-Auffangschalenset L"},"content":{"rendered":"<p>Die geschnittenen Lebensmittel werden in einer der Schalen aufgefangen. Das Brett ist unverz\u00fcglich frei f\u00fcr den n\u00e4chsten Gang. Die handlichen Auffangschalen erleichtern den Weitertransport. Das Schneidgut landet sicher im Topf oder auf dem Teller. Schalen und Reste werden in der zweiten Auffangschale gesammelt.Das Brett bleibt frei zum Schneiden.  <\/p>\n<p>Ma\u00dfe: 130x350x20mm<\/p>\n","protected":false},"excerpt":{"rendered":"<p>Die geschnittenen Lebensmittel werden in einer der Schalen aufgefangen. Das Brett ist unverz\u00fcglich frei f\u00fcr den n\u00e4chsten Gang. Die handlichen Auffangschalen erleichtern den Weitertransport. Das Schneidgut landet sicher im Topf oder auf dem Teller. Schalen und Reste werden in der zweiten Auffangschale gesammelt.Das Brett bleibt frei zum Schneiden. Ma\u00dfe: 130x350x20mm<\/p>\n","protected":false},"featured_media":11550,"comment_status":"closed","ping_status":"closed","template":"","meta":{"_acf_changed":false},"pwb-brand":[1169],"product_brand":[],"product_cat":[1055],"product_tag":[1056],"class_list":{"0":"post-9596","1":"product","2":"type-product","3":"status-publish","4":"has-post-thumbnail","6":"pwb-brand-tek-en","7":"product_cat-royal-cut-en","8":"product_tag-royal-cut-en","10":"first","11":"instock","12":"taxable","13":"shipping-taxable","14":"purchasable","15":"product-type-simple"},"bundled_by":[],"bundle_stock_status":"instock","bundle_stock_quantity":18,"bundle_virtual":false,"bundle_layout":"","bundle_add_to_cart_form_location":"","bundle_editable_in_cart":false,"bundle_sold_individually_context":"","bundle_item_grouping":"","bundle_min_size":"","bundle_max_size":"","bundle_price":[],"bundled_items":[],"bundle_sell_ids":[],"exclude_global_add_ons":[],"addons":[],"acf":[],"brands":[{"id":1169,"name":"TEK","slug":"tek-en"}],"_links":{"self":[{"href":"https:\/\/luba.de\/en\/wp-json\/wp\/v2\/product\/9596","targetHints":{"allow":["GET"]}}],"collection":[{"href":"https:\/\/luba.de\/en\/wp-json\/wp\/v2\/product"}],"about":[{"href":"https:\/\/luba.de\/en\/wp-json\/wp\/v2\/types\/product"}],"replies":[{"embeddable":true,"href":"https:\/\/luba.de\/en\/wp-json\/wp\/v2\/comments?post=9596"}],"wp:featuredmedia":[{"embeddable":true,"href":"https:\/\/luba.de\/en\/wp-json\/wp\/v2\/media\/11550"}],"wp:attachment":[{"href":"https:\/\/luba.de\/en\/wp-json\/wp\/v2\/media?parent=9596"}],"wp:term":[{"taxonomy":"pwb-brand","embeddable":true,"href":"https:\/\/luba.de\/en\/wp-json\/wp\/v2\/pwb-brand?post=9596"},{"taxonomy":"product_brand","embeddable":true,"href":"https:\/\/luba.de\/en\/wp-json\/wp\/v2\/product_brand?post=9596"},{"taxonomy":"product_cat","embeddable":true,"href":"https:\/\/luba.de\/en\/wp-json\/wp\/v2\/product_cat?post=9596"},{"taxonomy":"product_tag","embeddable":true,"href":"https:\/\/luba.de\/en\/wp-json\/wp\/v2\/product_tag?post=9596"}],"curies":[{"name":"wp","href":"https:\/\/api.w.org\/{rel}","templated":true}]}}