{"id":9600,"date":"2020-03-14T10:12:12","date_gmt":"2020-03-14T09:12:12","guid":{"rendered":"https:\/\/luba.de\/product\/handantrieb-set-fuer-mess-vorsaetze\/"},"modified":"2026-03-30T15:23:48","modified_gmt":"2026-03-30T13:23:48","slug":"handantrieb-set-fuer-messerschmidt-vorsaetze","status":"publish","type":"product","link":"https:\/\/luba.de\/en\/handantrieb-set-fuer-messerschmidt-vorsaetze\/","title":{"rendered":"Handantrieb-Set f\u00fcr Messerschmidt Vors\u00e4tze"},"content":{"rendered":"<p>Die ideale Erg\u00e4nzung f\u00fcr alle Messerschmidt-Vors\u00e4tze. Auch ohne Strom k\u00f6nnen Sie mahlen, flocken, raspeln, reiben. Holzbrett am Tisch anklemmen &#8211; und los geht\u00b4s.<\/p>\n","protected":false},"excerpt":{"rendered":"<p>Die ideale Erg\u00e4nzung f\u00fcr alle Messerschmidt-Vors\u00e4tze. Auch ohne Strom k\u00f6nnen Sie mahlen, flocken, raspeln, reiben. Holzbrett am Tisch anklemmen &#8211; und los geht\u00b4s.<\/p>\n","protected":false},"featured_media":10668,"comment_status":"closed","ping_status":"closed","template":"","meta":{"_acf_changed":false},"pwb-brand":[1163],"product_brand":[],"product_cat":[1057,913,914],"product_tag":[1058],"class_list":{"0":"post-9600","1":"product","2":"type-product","3":"status-publish","4":"has-post-thumbnail","6":"pwb-brand-messerschmidt-en","7":"product_cat-attachments","8":"product_cat-manually-operated-grain-mills","9":"product_cat-manually-operated","10":"product_tag-handantrieb-en","12":"first","13":"instock","14":"taxable","15":"shipping-taxable","16":"purchasable","17":"product-type-simple"},"bundled_by":["9220","9222"],"bundle_stock_status":"instock","bundle_stock_quantity":92,"bundle_virtual":false,"bundle_layout":"","bundle_add_to_cart_form_location":"","bundle_editable_in_cart":false,"bundle_sold_individually_context":"","bundle_item_grouping":"","bundle_min_size":"","bundle_max_size":"","bundle_price":[],"bundled_items":[],"bundle_sell_ids":[],"exclude_global_add_ons":[],"addons":[],"acf":[],"brands":[{"id":1163,"name":"Messerschmidt","slug":"messerschmidt-en"}],"_links":{"self":[{"href":"https:\/\/luba.de\/en\/wp-json\/wp\/v2\/product\/9600","targetHints":{"allow":["GET"]}}],"collection":[{"href":"https:\/\/luba.de\/en\/wp-json\/wp\/v2\/product"}],"about":[{"href":"https:\/\/luba.de\/en\/wp-json\/wp\/v2\/types\/product"}],"replies":[{"embeddable":true,"href":"https:\/\/luba.de\/en\/wp-json\/wp\/v2\/comments?post=9600"}],"wp:featuredmedia":[{"embeddable":true,"href":"https:\/\/luba.de\/en\/wp-json\/wp\/v2\/media\/10668"}],"wp:attachment":[{"href":"https:\/\/luba.de\/en\/wp-json\/wp\/v2\/media?parent=9600"}],"wp:term":[{"taxonomy":"pwb-brand","embeddable":true,"href":"https:\/\/luba.de\/en\/wp-json\/wp\/v2\/pwb-brand?post=9600"},{"taxonomy":"product_brand","embeddable":true,"href":"https:\/\/luba.de\/en\/wp-json\/wp\/v2\/product_brand?post=9600"},{"taxonomy":"product_cat","embeddable":true,"href":"https:\/\/luba.de\/en\/wp-json\/wp\/v2\/product_cat?post=9600"},{"taxonomy":"product_tag","embeddable":true,"href":"https:\/\/luba.de\/en\/wp-json\/wp\/v2\/product_tag?post=9600"}],"curies":[{"name":"wp","href":"https:\/\/api.w.org\/{rel}","templated":true}]}}