{"id":9602,"date":"2020-03-14T10:12:12","date_gmt":"2020-03-14T09:12:12","guid":{"rendered":"https:\/\/luba.de\/product\/messerschmidt-flockenbar-vorsatz\/"},"modified":"2026-04-02T15:09:04","modified_gmt":"2026-04-02T13:09:04","slug":"messerschmidt-flockenbar-vorsatz","status":"publish","type":"product","link":"https:\/\/luba.de\/en\/messerschmidt-flockenbar-vorsatz\/","title":{"rendered":"Messerschmidt Flockenbar-Vorsatz"},"content":{"rendered":"<h2>Flockenquetsche Vorsatz \u2013 Original Messerschmidt Anschluss<\/h2>\n<p>Die Flockenquetsche Vorsatz \u2013 Original Messerschmidt Anschluss \u2013 ohne Adapter erweitert Ihr K\u00fcchenrepertoire um zahllose kreative M\u00f6glichkeiten. Mit diesem Flocker Vorsatz verarbeiten Sie Getreide, Kornmischungen und \u00d6lsaaten (z.B. Sesam und Leinsamen), sowie Gew\u00fcrze ganz frisch. Sie werden schnell feststellen: Nur frisch sind Hafer-Flocken, Saaten und Gew\u00fcrze der volle Genuss. So bleibt Ihnen das volle nat\u00fcrliche Aroma mit allen wertvollen Inhaltsstoffen erhalten. Frisch geflocktes Getreide enth\u00e4lt viele wertvolle Vitamine, Mineralien und Ballaststoffe des Korns. Mit wenig Aufwand erg\u00e4nzen Sie Ihre Mahlzeiten um wertvolle Vitamine, Mineralien und Ballaststoffe. Ihre frisch gequetschten Flocken sind in kurzer Zeit zubereitet.<\/p>\n<p>Bew\u00e4hrtes Zubeh\u00f6r f\u00fcr die meisten K\u00fcchenmaschinen und die Antriebe von Messerschmidt<br \/>\nDie Vors\u00e4tze von Messerschmidt k\u00f6nnen Sie mit den Motor-Antrieben Culina und Varius sowie dem Handantrieb von Messerschmidt verwenden. Mit einem entsprechenden Adapter (ebenfalls bei uns erh\u00e4ltlich) passen die Vors\u00e4tze auch auf viele andere K\u00fcchenmaschinen, z.B. von Bosch, Bauknecht, Braun, Elektrolux, Elektro-AS, Kenwood, Ritter und Starmix.<\/p>\n<p>Hinweis: Unsere Flockenquetsche ist ausschlie\u00dflich f\u00fcr den Haushaltsgebrauch geeignet. Es kann kein eingeweichtes oder gekeimtes Getreide verarbeitet werden. Futterhafer, z.B. f\u00fcr Pferde, kann mit ihr auch nicht verarbeitet werden.<\/p>\n<p><strong>Jetzt neu:<\/strong> Alle Flockenquetschen und Vors\u00e4tze werden mit praktischer <a href=\"https:\/\/luba.de\/produkt\/trockenreinigungsbuerste-fuer-flockenbar-vorsatz\/\">Trockenreinigungsb\u00fcrste<\/a> geliefert.<\/p>\n","protected":false},"excerpt":{"rendered":"<p>Flockenquetsche Vorsatz \u2013 Original Messerschmidt Anschluss Die Flockenquetsche Vorsatz \u2013 Original Messerschmidt Anschluss \u2013 ohne Adapter erweitert Ihr K\u00fcchenrepertoire um zahllose kreative M\u00f6glichkeiten. Mit diesem Flocker Vorsatz verarbeiten Sie Getreide, Kornmischungen und \u00d6lsaaten (z.B. Sesam und Leinsamen), sowie Gew\u00fcrze ganz frisch. Sie werden schnell feststellen: Nur frisch sind Hafer-Flocken, Saaten und Gew\u00fcrze der volle Genuss. [&#8230;]\n","protected":false},"featured_media":11280,"comment_status":"closed","ping_status":"closed","template":"","meta":{"_acf_changed":false},"pwb-brand":[1163],"product_brand":[],"product_cat":[1057],"product_tag":[],"class_list":{"0":"post-9602","1":"product","2":"type-product","3":"status-publish","4":"has-post-thumbnail","6":"pwb-brand-messerschmidt-en","7":"product_cat-attachments","9":"first","10":"instock","11":"taxable","12":"shipping-taxable","13":"purchasable","14":"product-type-simple"},"bundled_by":["9193","9222"],"bundle_stock_status":"instock","bundle_stock_quantity":41,"bundle_virtual":false,"bundle_layout":"","bundle_add_to_cart_form_location":"","bundle_editable_in_cart":false,"bundle_sold_individually_context":"","bundle_item_grouping":"","bundle_min_size":"","bundle_max_size":"","bundle_price":[],"bundled_items":[],"bundle_sell_ids":[],"exclude_global_add_ons":[],"addons":[],"acf":[],"brands":[{"id":1163,"name":"Messerschmidt","slug":"messerschmidt-en"}],"_links":{"self":[{"href":"https:\/\/luba.de\/en\/wp-json\/wp\/v2\/product\/9602","targetHints":{"allow":["GET"]}}],"collection":[{"href":"https:\/\/luba.de\/en\/wp-json\/wp\/v2\/product"}],"about":[{"href":"https:\/\/luba.de\/en\/wp-json\/wp\/v2\/types\/product"}],"replies":[{"embeddable":true,"href":"https:\/\/luba.de\/en\/wp-json\/wp\/v2\/comments?post=9602"}],"wp:featuredmedia":[{"embeddable":true,"href":"https:\/\/luba.de\/en\/wp-json\/wp\/v2\/media\/11280"}],"wp:attachment":[{"href":"https:\/\/luba.de\/en\/wp-json\/wp\/v2\/media?parent=9602"}],"wp:term":[{"taxonomy":"pwb-brand","embeddable":true,"href":"https:\/\/luba.de\/en\/wp-json\/wp\/v2\/pwb-brand?post=9602"},{"taxonomy":"product_brand","embeddable":true,"href":"https:\/\/luba.de\/en\/wp-json\/wp\/v2\/product_brand?post=9602"},{"taxonomy":"product_cat","embeddable":true,"href":"https:\/\/luba.de\/en\/wp-json\/wp\/v2\/product_cat?post=9602"},{"taxonomy":"product_tag","embeddable":true,"href":"https:\/\/luba.de\/en\/wp-json\/wp\/v2\/product_tag?post=9602"}],"curies":[{"name":"wp","href":"https:\/\/api.w.org\/{rel}","templated":true}]}}