{"id":9604,"date":"2020-03-14T10:12:12","date_gmt":"2020-03-14T09:12:12","guid":{"rendered":"https:\/\/luba.de\/product\/messerschmidt-stahlmahlvorsatz\/"},"modified":"2026-04-02T15:09:07","modified_gmt":"2026-04-02T13:09:07","slug":"messerschmidt-stahlmahlvorsatz","status":"publish","type":"product","link":"https:\/\/luba.de\/en\/messerschmidt-stahlmahlvorsatz\/","title":{"rendered":"Messerschmidt Stahlmahlvorsatz"},"content":{"rendered":"<h2>Getreidem\u00fchle Vorsatz \u2013 Original Messerschmidt Anschluss \u2013 ohne Adapter<\/h2>\n<p>Getreidem\u00fchle von Messerschmidt. Mit dem geh\u00e4rteten Stahlkegel-Mahlwerk mahlt diese Getreidem\u00fchle alle Getreidesorten, sowie \u00d6lsaaten, trockene Kr\u00e4uter und Gew\u00fcrze. Der Mahlgrad ist stufenlos von grob bis fein einstellbar. Frisch gemahlenes Getreide ist ein unerl\u00e4sslicher Bestandteil der vollwertigen, nat\u00fcrlichen Ern\u00e4hrung. Die bew\u00e4hrte Getreidem\u00fchle unterst\u00fctzt Sie dabei effizient.<\/p>\n<p>Bew\u00e4hrtes Zubeh\u00f6r f\u00fcr die meisten K\u00fcchenmaschinen und die Antriebe von Messerschmidt<br \/>\nDie Vors\u00e4tze von Messerschmidt k\u00f6nnen Sie mit den Motor-Antrieben Culina und Varius sowie dem Handantrieb von Messerschmidt verwenden. Mit einem entsprechenden Adapter (ebenfalls bei uns erh\u00e4ltlich) passen die Vors\u00e4tze auch auf viele andere K\u00fcchenmaschinen, z.B. von Bosch, Bauknecht, Braun, Elektrolux, Elektro-AS, Kenwood, Ritter und Starmix.<\/p>\n<p>Hinweis: Bitte beachten Sie, dass die Getreidem\u00fchle nur f\u00fcr den Haushaltsgebrauch konzipiert und geeignet ist. Es kann kein eingeweichtes oder gekeimtes Getreide verarbeitet werden.<\/p>\n","protected":false},"excerpt":{"rendered":"<p>Getreidem\u00fchle Vorsatz \u2013 Original Messerschmidt Anschluss \u2013 ohne Adapter Getreidem\u00fchle von Messerschmidt. Mit dem geh\u00e4rteten Stahlkegel-Mahlwerk mahlt diese Getreidem\u00fchle alle Getreidesorten, sowie \u00d6lsaaten, trockene Kr\u00e4uter und Gew\u00fcrze. Der Mahlgrad ist stufenlos von grob bis fein einstellbar. Frisch gemahlenes Getreide ist ein unerl\u00e4sslicher Bestandteil der vollwertigen, nat\u00fcrlichen Ern\u00e4hrung. Die bew\u00e4hrte Getreidem\u00fchle unterst\u00fctzt Sie dabei effizient. Bew\u00e4hrtes [&#8230;]\n","protected":false},"featured_media":19512,"comment_status":"closed","ping_status":"closed","template":"","meta":{"_acf_changed":false},"pwb-brand":[1163],"product_brand":[],"product_cat":[1057],"product_tag":[],"class_list":{"0":"post-9604","1":"product","2":"type-product","3":"status-publish","4":"has-post-thumbnail","6":"pwb-brand-messerschmidt-en","7":"product_cat-attachments","9":"first","10":"instock","11":"taxable","12":"shipping-taxable","13":"purchasable","14":"product-type-simple"},"bundled_by":["9230","9228","9220"],"bundle_stock_status":"instock","bundle_stock_quantity":26,"bundle_virtual":false,"bundle_layout":"","bundle_add_to_cart_form_location":"","bundle_editable_in_cart":false,"bundle_sold_individually_context":"","bundle_item_grouping":"","bundle_min_size":"","bundle_max_size":"","bundle_price":[],"bundled_items":[],"bundle_sell_ids":[],"exclude_global_add_ons":[],"addons":[],"acf":[],"brands":[{"id":1163,"name":"Messerschmidt","slug":"messerschmidt-en"}],"_links":{"self":[{"href":"https:\/\/luba.de\/en\/wp-json\/wp\/v2\/product\/9604","targetHints":{"allow":["GET"]}}],"collection":[{"href":"https:\/\/luba.de\/en\/wp-json\/wp\/v2\/product"}],"about":[{"href":"https:\/\/luba.de\/en\/wp-json\/wp\/v2\/types\/product"}],"replies":[{"embeddable":true,"href":"https:\/\/luba.de\/en\/wp-json\/wp\/v2\/comments?post=9604"}],"wp:featuredmedia":[{"embeddable":true,"href":"https:\/\/luba.de\/en\/wp-json\/wp\/v2\/media\/19512"}],"wp:attachment":[{"href":"https:\/\/luba.de\/en\/wp-json\/wp\/v2\/media?parent=9604"}],"wp:term":[{"taxonomy":"pwb-brand","embeddable":true,"href":"https:\/\/luba.de\/en\/wp-json\/wp\/v2\/pwb-brand?post=9604"},{"taxonomy":"product_brand","embeddable":true,"href":"https:\/\/luba.de\/en\/wp-json\/wp\/v2\/product_brand?post=9604"},{"taxonomy":"product_cat","embeddable":true,"href":"https:\/\/luba.de\/en\/wp-json\/wp\/v2\/product_cat?post=9604"},{"taxonomy":"product_tag","embeddable":true,"href":"https:\/\/luba.de\/en\/wp-json\/wp\/v2\/product_tag?post=9604"}],"curies":[{"name":"wp","href":"https:\/\/api.w.org\/{rel}","templated":true}]}}