{"id":9612,"date":"2020-03-14T10:12:12","date_gmt":"2020-03-14T09:12:12","guid":{"rendered":"https:\/\/luba.de\/product\/waldner-family-zirbe-lackiert\/"},"modified":"2026-02-16T09:39:25","modified_gmt":"2026-02-16T08:39:25","slug":"waldner-family-zirbe-lackiert","status":"publish","type":"product","link":"https:\/\/luba.de\/en\/waldner-family-zirbe-lackiert\/","title":{"rendered":"Waldner Family, Zirbe lackiert"},"content":{"rendered":"<h2>Elektrische Getreidem\u00fchle Family aus Zirbenholz<\/h2>\n<p>So f\u00fchlt sich Geborgenheit an. Ob volles Korn oder Frischkornm\u00fcsli. Das Meisterwerk aus Zirbenholz hei\u00dft alle Cerealien herzlich willkommen. Auch Speisemais macht diese klassische Getreidem\u00fchle sekunden-schnell zu Maismehl.<br \/>\nEin Fest f\u00fcr jede Klein- und Gro\u00dffamilie.<\/p>\n<p>Mahlleistung fein: 170g\/min<\/p>\n<p>Mahlstein: \u00d8 100 mm<\/p>\n<p>Trichterf\u00fcllmenge: 1300 g<\/p>\n<p>Ma\u00dfe H\/T\/B: 36,5\/24,5\/24,5 cm<\/p>\n<p>Motor: 400 Watt<\/p>\n<p>Gewicht: 9 kg<\/p>\n<p>Garantie: 8 Jahre.<\/p>\n","protected":false},"excerpt":{"rendered":"<p>Elektrische Getreidem\u00fchle Family aus Zirbenholz So f\u00fchlt sich Geborgenheit an. Ob volles Korn oder Frischkornm\u00fcsli. Das Meisterwerk aus Zirbenholz hei\u00dft alle Cerealien herzlich willkommen. Auch Speisemais macht diese klassische Getreidem\u00fchle sekunden-schnell zu Maismehl. Ein Fest f\u00fcr jede Klein- und Gro\u00dffamilie. Mahlleistung fein: 170g\/min Mahlstein: \u00d8 100 mm Trichterf\u00fcllmenge: 1300 g Ma\u00dfe H\/T\/B: 36,5\/24,5\/24,5 cm Motor: [&#8230;]\n","protected":false},"featured_media":25074,"comment_status":"closed","ping_status":"closed","template":"","meta":{"_acf_changed":false},"pwb-brand":[1226],"product_brand":[],"product_cat":[919,851],"product_tag":[],"class_list":{"0":"post-9612","1":"product","2":"type-product","3":"status-publish","4":"has-post-thumbnail","6":"pwb-brand-waldner-en","7":"product_cat-electric-grain-mills","8":"product_cat-grain-mills","10":"first","11":"instock","12":"taxable","13":"shipping-taxable","14":"purchasable","15":"product-type-simple"},"bundled_by":[],"bundle_stock_status":"instock","bundle_stock_quantity":11,"bundle_virtual":false,"bundle_layout":"","bundle_add_to_cart_form_location":"","bundle_editable_in_cart":false,"bundle_sold_individually_context":"","bundle_item_grouping":"","bundle_min_size":"","bundle_max_size":"","bundle_price":[],"bundled_items":[],"bundle_sell_ids":[],"exclude_global_add_ons":[],"addons":[],"acf":[],"brands":[{"id":1226,"name":"Waldner","slug":"waldner-en"}],"_links":{"self":[{"href":"https:\/\/luba.de\/en\/wp-json\/wp\/v2\/product\/9612","targetHints":{"allow":["GET"]}}],"collection":[{"href":"https:\/\/luba.de\/en\/wp-json\/wp\/v2\/product"}],"about":[{"href":"https:\/\/luba.de\/en\/wp-json\/wp\/v2\/types\/product"}],"replies":[{"embeddable":true,"href":"https:\/\/luba.de\/en\/wp-json\/wp\/v2\/comments?post=9612"}],"wp:featuredmedia":[{"embeddable":true,"href":"https:\/\/luba.de\/en\/wp-json\/wp\/v2\/media\/25074"}],"wp:attachment":[{"href":"https:\/\/luba.de\/en\/wp-json\/wp\/v2\/media?parent=9612"}],"wp:term":[{"taxonomy":"pwb-brand","embeddable":true,"href":"https:\/\/luba.de\/en\/wp-json\/wp\/v2\/pwb-brand?post=9612"},{"taxonomy":"product_brand","embeddable":true,"href":"https:\/\/luba.de\/en\/wp-json\/wp\/v2\/product_brand?post=9612"},{"taxonomy":"product_cat","embeddable":true,"href":"https:\/\/luba.de\/en\/wp-json\/wp\/v2\/product_cat?post=9612"},{"taxonomy":"product_tag","embeddable":true,"href":"https:\/\/luba.de\/en\/wp-json\/wp\/v2\/product_tag?post=9612"}],"curies":[{"name":"wp","href":"https:\/\/api.w.org\/{rel}","templated":true}]}}