{"id":9614,"date":"2020-03-14T10:12:12","date_gmt":"2020-03-14T09:12:12","guid":{"rendered":"https:\/\/luba.de\/product\/waldner-single-erle-geoelt\/"},"modified":"2026-04-28T11:41:26","modified_gmt":"2026-04-28T09:41:26","slug":"waldner-single-erle-geoelt","status":"publish","type":"product","link":"https:\/\/luba.de\/en\/waldner-single-erle-geoelt\/","title":{"rendered":"Waldner Single, Erle ge\u00f6lt"},"content":{"rendered":"<p><span style=\"color: #333333;\">In der verbl\u00fcffend kleinen <\/span>Osttiroler Haushaltsm\u00fchle<span style=\"color: #333333;\">\u00a0SINGLE steckt jede Menge Kraft. Mit ihrem 90mm Stein schafft sie einfach alles. Vom kuchenfeinen Vollkornmehl \u00fcber Maismehl bis hin zu grobem Schrot. Ideal f\u00fcr den Singlehaushalt.<\/span><\/p>\n<div class=\"pb-5\">\n<div class=\"dreisc-cms--accordion\" data-dreisc-cms-accordion=\"\">\n<div id=\"accordion-technical\" class=\"accordion-card\">\n<h2 class=\"accordion-trigger is--collapsed-show\">Technische Daten<\/h2>\n<div class=\"icon-toggle\"><\/div>\n<div class=\"accordion-collapse collapse show\">\n<div>\n<p class=\"p1\"><b>Kompakte Abmessungen:<\/b><br \/>\nMit einer H\u00f6he von 30 cm und einem Durchmesser von 16 cm passt die Haushaltsm\u00fchle Single Erle perfekt in jede K\u00fcche, ohne viel Platz in Anspruch zu nehmen.<\/p>\n<p class=\"p1\"><b>Leichtgewicht mit gro\u00dfer Leistung:<\/b><br \/>\nDas geringe Gewicht von 7,5 kg, die angenehme H\u00f6he von 30 cm sowie die beeindruckende Mahlleistung von 120 g pro Minute machen diese Getreidem\u00fchle zu einer wahren \u201eGro\u00dfen\u201c.<\/p>\n<p class=\"p1\"><b>Langlebiges Material:<\/b><br \/>\nGefertigt aus massivem\u00a0Erlenholz, welches bekannt f\u00fcr seine Haltbarkeit und Sch\u00f6nheit ist, f\u00fcgt sich die M\u00fchle Single elegant in jede K\u00fcche ein.<\/p>\n<p class=\"p1\"><b>Effiziente Mahltechnik:<\/b><br \/>\nAusgestattet mit einem 90-mm-Mahlstein aus Edelkorund &amp; Keramik, stellt die Haushaltsm\u00fchle Single Erle verl\u00e4sslich eine gleichbleibend hohe Qualit\u00e4t Ihres Mahlgutes her, wahlweise vom feinsten Vollkornmehl bis hin zu grobem Schrot. Hervorzuheben ist die einfache Bedienung.<\/p>\n<p class=\"p1\"><b>Selbstreinigende Mahlkammer:<\/b><br \/>\nDurch das Verstellen des Mahlgrades auf sehr grob reinigt sich der Stein sowie die Mahlkammer wie von selbst. Hierf\u00fcr eignen sich entweder Mais oder gro\u00dfk\u00f6rniger Vollkornreis. Eine kleine Menge dieser Sorten in den Trichter geben, Mahlgrad auf grob stellen und durch die M\u00fchle laufen lassen. Fertig. Somit minimiert sich der Wartungsaufwand auf ein Geringes.<\/p>\n<p class=\"p1\"><b>Umweltfreundlich und energieeffizient:<\/b><br \/>\nGefertigt aus Erlenvollholz, minimal vom Platzaufwand, einfach in der Bedienung \u2013 so ist diese Haushaltsm\u00fchle Single Erle zu Recht als \u00e4u\u00dferst umweltfreundlich einzustufen. Durch die Steingr\u00f6\u00dfe von 9 mm, Energiedaten von 230 Volt, 50 Hertz, 400 Watt ist eine sinnvolle hohe Mahlleistung gew\u00e4hrleistet. Die Energieeffizienz f\u00fcr diese Getreidem\u00fchle ist auf alle F\u00e4lle nachhaltig gegeben.<\/p>\n<p class=\"p1\"><b>Vielseitige Anwendung:<\/b><br \/>\nDie Haushaltsm\u00fchle Single Erle eignet sich zum Vermahlen von s\u00e4mtlichen harten, trockenen Getreidesorten. Gerne auch glutenfreie Optionen nutzen. Die Getreidem\u00fchle besticht durch ihre einfache Handhabung. Mahlen Sie stets frisch, um das Maximale aus Ihrem Getreide zu holen und maximalen Genuss zu erhalten. Platzsparend im Design. Ideal f\u00fcr kleinere K\u00fcchen oder den Singlehaushalt.<\/p>\n<p class=\"p1\"><b>Lange Garantiezeit:<\/b><br \/>\nDie\u00a0Garantiezeit von 8 Jahren\u00a0best\u00e4tigt das Qualit\u00e4tsprodukt Single Erle von Waldner biotech GmbH. Top-Leistung, Langlebigkeit sowie die \u00dcberzeugung und Best\u00e4tigung von Kunden zum Produkt lassen uns st\u00e4ndig neu innovativ und doch traditionell weiterarbeiten.<\/p>\n<p class=\"p2\"><b>Fazit:<\/b><br \/>\nDie Haushaltsm\u00fchle Single Erle \u2013 verbl\u00fcffend klein, jedoch mit jeder Menge Kraft. Ein Must-Have f\u00fcr bewusste Genie\u00dfer. Eine Symbiose aus Design, Komfort, Innovation, Tradition, Umweltfreundlichkeit und vielem mehr. Holen Sie das Beste aus Ihrem Getreide und genie\u00dfen Sie Ihr selbstkreiertes Brot bzw. Ihre bek\u00f6mmlichen Speisen.<\/p>\n<\/div>\n<\/div>\n<\/div>\n<\/div>\n<\/div>\n","protected":false},"excerpt":{"rendered":"<p>So klein ist gro\u00dfe Leistung. In der verbl\u00fcffend kleinen Osttiroler Haushaltsm\u00fchle SINGLE steckt jede Menge Kraft. Mit ihrem 90mm Stein schafft sie einfach alles.<br \/>\nVom kuchenfeinen Vollkornmehl \u00fcber Maismehl bis hin zu grobem Schrot. Ideal f\u00fcr den Singlehaushalt.<\/p>\n<p>Geh\u00e4use Erle Massivholz<br \/>\nMahlleistung fein: 120 g\/min<br \/>\nTrichterf\u00fcllmenge: 800g<br \/>\nMa\u00dfe H\/T\/B: 29\/16 cm<br \/>\nWatt: 400<br \/>\nGewicht: 7,5 kg<br \/>\nGarantie: 8 Jahre.<\/p>\n","protected":false},"featured_media":27617,"comment_status":"closed","ping_status":"closed","template":"","meta":{"_acf_changed":false},"pwb-brand":[1226],"product_brand":[],"product_cat":[919,851],"product_tag":[],"class_list":{"0":"post-9614","1":"product","2":"type-product","3":"status-publish","4":"has-post-thumbnail","6":"pwb-brand-waldner-en","7":"product_cat-electric-grain-mills","8":"product_cat-grain-mills","10":"first","11":"instock","12":"taxable","13":"shipping-taxable","14":"purchasable","15":"product-type-simple"},"bundled_by":[],"bundle_stock_status":"instock","bundle_stock_quantity":4,"bundle_virtual":false,"bundle_layout":"","bundle_add_to_cart_form_location":"","bundle_editable_in_cart":false,"bundle_sold_individually_context":"","bundle_item_grouping":"","bundle_min_size":"","bundle_max_size":"","bundle_price":[],"bundled_items":[],"bundle_sell_ids":[],"exclude_global_add_ons":[],"addons":[],"acf":[],"brands":[{"id":1226,"name":"Waldner","slug":"waldner-en"}],"_links":{"self":[{"href":"https:\/\/luba.de\/en\/wp-json\/wp\/v2\/product\/9614","targetHints":{"allow":["GET"]}}],"collection":[{"href":"https:\/\/luba.de\/en\/wp-json\/wp\/v2\/product"}],"about":[{"href":"https:\/\/luba.de\/en\/wp-json\/wp\/v2\/types\/product"}],"replies":[{"embeddable":true,"href":"https:\/\/luba.de\/en\/wp-json\/wp\/v2\/comments?post=9614"}],"wp:featuredmedia":[{"embeddable":true,"href":"https:\/\/luba.de\/en\/wp-json\/wp\/v2\/media\/27617"}],"wp:attachment":[{"href":"https:\/\/luba.de\/en\/wp-json\/wp\/v2\/media?parent=9614"}],"wp:term":[{"taxonomy":"pwb-brand","embeddable":true,"href":"https:\/\/luba.de\/en\/wp-json\/wp\/v2\/pwb-brand?post=9614"},{"taxonomy":"product_brand","embeddable":true,"href":"https:\/\/luba.de\/en\/wp-json\/wp\/v2\/product_brand?post=9614"},{"taxonomy":"product_cat","embeddable":true,"href":"https:\/\/luba.de\/en\/wp-json\/wp\/v2\/product_cat?post=9614"},{"taxonomy":"product_tag","embeddable":true,"href":"https:\/\/luba.de\/en\/wp-json\/wp\/v2\/product_tag?post=9614"}],"curies":[{"name":"wp","href":"https:\/\/api.w.org\/{rel}","templated":true}]}}