{"id":9616,"date":"2020-03-14T10:12:12","date_gmt":"2020-03-14T09:12:12","guid":{"rendered":"https:\/\/luba.de\/product\/waldner-lady-zirbe-lackiert\/"},"modified":"2026-02-24T08:23:46","modified_gmt":"2026-02-24T07:23:46","slug":"waldner-lady-zirbe-lackiert","status":"publish","type":"product","link":"https:\/\/luba.de\/en\/waldner-lady-zirbe-lackiert\/","title":{"rendered":"Waldner Lady, Zirbe lackiert"},"content":{"rendered":"<h2>Waldner Getreidem\u00fchle Lady Zirbe<\/h2>\n<p>So sch\u00f6n und stilvoll. Ein Augenschmaus f\u00fcr jede K\u00fcche: Die Osttiroler Haushaltsm\u00fchle LADY. Formsch\u00f6n, mit Stil und auf Knopfdruck kreiert sie mit ihrem 90mm-Stein feinstes Mehl \u2013 sogar aus Speisemais \u2013 und verbreitet von Mahlzeit zu Mahlzeit einen angenehmen Zirbenduft.<\/p>\n<p>Mahlleistung fein: 120 g\/min<br \/>\nTrichterf\u00fcllmene: 1000 g<br \/>\nMahlstein: \u00d8 90mm Edelkorund &amp; Keramik<br \/>\nMahlkammer: selbstreinigend<br \/>\nHolzart: Zirbe<br \/>\nDurchmesser \u00d8: 18cm<br \/>\nH\u00f6he: 32cm<br \/>\nMotor 400 Watt<br \/>\nGewicht: 7,5 kg<br \/>\nGarantie: 8 Jahre.<\/p>\n","protected":false},"excerpt":{"rendered":"<p>Waldner Getreidem\u00fchle Lady Zirbe So sch\u00f6n und stilvoll. Ein Augenschmaus f\u00fcr jede K\u00fcche: Die Osttiroler Haushaltsm\u00fchle LADY. Formsch\u00f6n, mit Stil und auf Knopfdruck kreiert sie mit ihrem 90mm-Stein feinstes Mehl \u2013 sogar aus Speisemais \u2013 und verbreitet von Mahlzeit zu Mahlzeit einen angenehmen Zirbenduft. Mahlleistung fein: 120 g\/min Trichterf\u00fcllmene: 1000 g Mahlstein: \u00d8 90mm Edelkorund [&#8230;]\n","protected":false},"featured_media":19998,"comment_status":"closed","ping_status":"closed","template":"","meta":{"_acf_changed":false},"pwb-brand":[1226],"product_brand":[],"product_cat":[919,851],"product_tag":[],"class_list":{"0":"post-9616","1":"product","2":"type-product","3":"status-publish","4":"has-post-thumbnail","6":"pwb-brand-waldner-en","7":"product_cat-electric-grain-mills","8":"product_cat-grain-mills","10":"first","11":"instock","12":"sale","13":"taxable","14":"shipping-taxable","15":"purchasable","16":"product-type-simple"},"bundled_by":[],"bundle_stock_status":"instock","bundle_stock_quantity":14,"bundle_virtual":false,"bundle_layout":"","bundle_add_to_cart_form_location":"","bundle_editable_in_cart":false,"bundle_sold_individually_context":"","bundle_item_grouping":"","bundle_min_size":"","bundle_max_size":"","bundle_price":[],"bundled_items":[],"bundle_sell_ids":[],"exclude_global_add_ons":[],"addons":[],"acf":[],"brands":[{"id":1226,"name":"Waldner","slug":"waldner-en"}],"_links":{"self":[{"href":"https:\/\/luba.de\/en\/wp-json\/wp\/v2\/product\/9616","targetHints":{"allow":["GET"]}}],"collection":[{"href":"https:\/\/luba.de\/en\/wp-json\/wp\/v2\/product"}],"about":[{"href":"https:\/\/luba.de\/en\/wp-json\/wp\/v2\/types\/product"}],"replies":[{"embeddable":true,"href":"https:\/\/luba.de\/en\/wp-json\/wp\/v2\/comments?post=9616"}],"wp:featuredmedia":[{"embeddable":true,"href":"https:\/\/luba.de\/en\/wp-json\/wp\/v2\/media\/19998"}],"wp:attachment":[{"href":"https:\/\/luba.de\/en\/wp-json\/wp\/v2\/media?parent=9616"}],"wp:term":[{"taxonomy":"pwb-brand","embeddable":true,"href":"https:\/\/luba.de\/en\/wp-json\/wp\/v2\/pwb-brand?post=9616"},{"taxonomy":"product_brand","embeddable":true,"href":"https:\/\/luba.de\/en\/wp-json\/wp\/v2\/product_brand?post=9616"},{"taxonomy":"product_cat","embeddable":true,"href":"https:\/\/luba.de\/en\/wp-json\/wp\/v2\/product_cat?post=9616"},{"taxonomy":"product_tag","embeddable":true,"href":"https:\/\/luba.de\/en\/wp-json\/wp\/v2\/product_tag?post=9616"}],"curies":[{"name":"wp","href":"https:\/\/api.w.org\/{rel}","templated":true}]}}