{"id":9624,"date":"2020-03-14T10:11:56","date_gmt":"2020-03-14T09:11:56","guid":{"rendered":"https:\/\/luba.de\/product\/speck-zappelphilipp\/"},"modified":"2024-08-08T11:24:01","modified_gmt":"2024-08-08T09:24:01","slug":"speck-zappelphilipp","status":"publish","type":"product","link":"https:\/\/luba.de\/en\/speck-zappelphilipp\/","title":{"rendered":"Zappelphilipp"},"content":{"rendered":"<p><strong>Hilfe f\u00fcr hyperaktive Kinder.<\/strong><\/p>\n<p>Dass Hyperaktivit\u00e4t mit entsprechender Ern\u00e4hrung positiv beeinflusst werden kann, ist l\u00e4ngst bekannt. Oft ist die erste und wichtigste Ma\u00dfnahme, h\u00e4ufige Allergene wie Zucker, k\u00fcnstliche S\u00fc\u00dfstoffe, Produkte aus Kuhmilch, Eier, Weizen, Hafer, Kakao, teilweise N\u00fcsse, gewisse Gem\u00fcsesorten und z.B. Schweinefleisch durch besser geeignete Lebensmittel zu ersetzen.<\/p>\n<p>Der praktische Ratgeber f\u00fcr betroffene Kinder und ihre Eltern bietet einen umfassenden \u00dcberblick \u00fcber die Zusammenh\u00e4nge von &#8220;falscher&#8221; bzw. &#8220;richtiger&#8221; Ern\u00e4hrung und Hyperaktivit\u00e4t. Dar\u00fcber hinaus enth\u00e4lt er einen praktischen 2-Wochen-Men\u00fcplan, getestet in Schulen und Familien, zur einfachen Umsetzung der gewonnenen Erkenntnisse. Mit seiner Hilfe k\u00f6nnen Kinder leicht f\u00fcr eine Ern\u00e4hrungsumstellung sensibilisiert werden. Denn sie k\u00f6nnen damit die unmittelbare, positive Erfahrung machen, dass sie mit der neuen Ern\u00e4hrung aktiv ihr eigenes Wohlbefinden beeinflussen k\u00f6nnen.<\/p>\n","protected":false},"excerpt":{"rendered":"<p>Hilfe f\u00fcr hyperaktive Kinder. Dass Hyperaktivit\u00e4t mit entsprechender Ern\u00e4hrung positiv beeinflusst werden kann, ist l\u00e4ngst bekannt. Oft ist die erste und wichtigste Ma\u00dfnahme, h\u00e4ufige Allergene wie Zucker, k\u00fcnstliche S\u00fc\u00dfstoffe, Produkte aus Kuhmilch, Eier, Weizen, Hafer, Kakao, teilweise N\u00fcsse, gewisse Gem\u00fcsesorten und z.B. Schweinefleisch durch besser geeignete Lebensmittel zu ersetzen. Der praktische Ratgeber f\u00fcr betroffene Kinder [&#8230;]\n","protected":false},"featured_media":0,"comment_status":"closed","ping_status":"closed","template":"","meta":{"_acf_changed":false},"pwb-brand":[],"product_brand":[],"product_cat":[],"product_tag":[],"class_list":{"0":"post-9624","1":"product","2":"type-product","3":"status-publish","6":"first","7":"outofstock","8":"taxable","9":"shipping-taxable","10":"purchasable","11":"product-type-simple"},"bundled_by":[],"bundle_stock_status":"outofstock","bundle_stock_quantity":0,"bundle_virtual":false,"bundle_layout":"","bundle_add_to_cart_form_location":"","bundle_editable_in_cart":false,"bundle_sold_individually_context":"","bundle_item_grouping":"","bundle_min_size":"","bundle_max_size":"","bundle_price":[],"bundled_items":[],"bundle_sell_ids":[],"exclude_global_add_ons":[],"addons":[],"acf":[],"brands":[],"_links":{"self":[{"href":"https:\/\/luba.de\/en\/wp-json\/wp\/v2\/product\/9624","targetHints":{"allow":["GET"]}}],"collection":[{"href":"https:\/\/luba.de\/en\/wp-json\/wp\/v2\/product"}],"about":[{"href":"https:\/\/luba.de\/en\/wp-json\/wp\/v2\/types\/product"}],"replies":[{"embeddable":true,"href":"https:\/\/luba.de\/en\/wp-json\/wp\/v2\/comments?post=9624"}],"wp:attachment":[{"href":"https:\/\/luba.de\/en\/wp-json\/wp\/v2\/media?parent=9624"}],"wp:term":[{"taxonomy":"pwb-brand","embeddable":true,"href":"https:\/\/luba.de\/en\/wp-json\/wp\/v2\/pwb-brand?post=9624"},{"taxonomy":"product_brand","embeddable":true,"href":"https:\/\/luba.de\/en\/wp-json\/wp\/v2\/product_brand?post=9624"},{"taxonomy":"product_cat","embeddable":true,"href":"https:\/\/luba.de\/en\/wp-json\/wp\/v2\/product_cat?post=9624"},{"taxonomy":"product_tag","embeddable":true,"href":"https:\/\/luba.de\/en\/wp-json\/wp\/v2\/product_tag?post=9624"}],"curies":[{"name":"wp","href":"https:\/\/api.w.org\/{rel}","templated":true}]}}