{"id":9626,"date":"2020-03-14T10:11:56","date_gmt":"2020-03-14T09:11:56","guid":{"rendered":"https:\/\/luba.de\/product\/spierings-saefte-smoothies\/"},"modified":"2025-10-11T23:29:03","modified_gmt":"2025-10-11T21:29:03","slug":"spierings-saefte-smoothies","status":"publish","type":"product","link":"https:\/\/luba.de\/en\/spierings-saefte-smoothies\/","title":{"rendered":"S\u00e4fte &#038; Smoothies"},"content":{"rendered":"<h2>K\u00f6stlich \u2013 cremig \u2013 fruchtig!<\/h2>\n<p>Aus den Cocktail- und Saftbars sind sie l\u00e4ngst nicht mehr wegzudenken: S\u00e4fte und Smoothies \u2013 leckere Drinks ohne Alkohol von fruchtig bis pikant.<\/p>\n<p>Thea Spierings pr\u00e4sentiert 40 spannende Rezepte f\u00fcr S\u00e4fte aus frischem Obst, Gem\u00fcse, Salaten und Kr\u00e4utern, Smoothies aus frischen Fr\u00fcchten, Varianten mit Milch, Joghurt und Buttermilch sowie Alternativen f\u00fcr Allergiker und Rezepte mit Eis und Kokosmilch.<\/p>\n<p>Der n\u00e4chste Sommer kommt bestimmt! Und alles, was Sie dann noch brauchen, sind diese phantasievollen Rezepte, frische Zutaten, einen Entsafter bzw. einen Mixer \u2013 und die ganze Welt frischer S\u00e4fte und cremiger K\u00f6stlichkeiten geh\u00f6rt Ihnen!<\/p>\n<p><strong>Thea Spirings<\/strong> hat viele Jahre als Chefk\u00f6chin in renommierten Restaurants gearbeitet und wurde in Holland zum Ladychef of the Year nominiert.<br \/>\nHeute setzt sie als K\u00f6chin in der Feinschmeckerzeitschrift \u201eWining &amp; Dining\u201c neue Trends und begeistert als erfolgreiche Autorin vieler Kochb\u00fccher mit praktischen Rezepten und phantasievollen Kreationen.<\/p>\n<p>Titel: S\u00e4fte &amp; Smoothies<br \/>\nUntertitel: lecker \u2013 frisch \u2013 gesund<br \/>\nUrheber: Spierings, Thea (Autor \/ Autorin) \/ Stoltenborgh, Freek (Fotos von)<br \/>\nISBN-13978-3-7750-0562-3<br \/>\nVerlag: H\u00e4decke Verlag<br \/>\nErscheinungsdatum: 10.07.2015<br \/>\nAuflage: 6. Auflage<br \/>\nAnzahl Seiten: 86<br \/>\nH\u00f6he \/ Breite \/ Gewicht: H 19,7 cm \/ B 19,7 cm \/ 424 g<br \/>\nProduktform: Hardcover<br \/>\nFoto(s), farbig: 45<\/p>\n","protected":false},"excerpt":{"rendered":"<p>K\u00f6stlich \u2013 cremig \u2013 fruchtig! Aus den Cocktail- und Saftbars sind sie l\u00e4ngst nicht mehr wegzudenken: S\u00e4fte und Smoothies \u2013 leckere Drinks ohne Alkohol von fruchtig bis pikant. Thea Spierings pr\u00e4sentiert 40 spannende Rezepte f\u00fcr S\u00e4fte aus frischem Obst, Gem\u00fcse, Salaten und Kr\u00e4utern, Smoothies aus frischen Fr\u00fcchten, Varianten mit Milch, Joghurt und Buttermilch sowie Alternativen [&#8230;]\n","protected":false},"featured_media":16857,"comment_status":"closed","ping_status":"closed","template":"","meta":{"_acf_changed":false},"pwb-brand":[1135],"product_brand":[],"product_cat":[905,988,989],"product_tag":[],"class_list":{"0":"post-9626","1":"product","2":"type-product","3":"status-publish","4":"has-post-thumbnail","6":"pwb-brand-haedecke-en","7":"product_cat-books","8":"product_cat-recipes","9":"product_cat-smoothies-juices","11":"first","12":"instock","13":"taxable","14":"shipping-taxable","15":"purchasable","16":"product-type-simple"},"bundled_by":[],"bundle_stock_status":"instock","bundle_stock_quantity":100,"bundle_virtual":false,"bundle_layout":"","bundle_add_to_cart_form_location":"","bundle_editable_in_cart":false,"bundle_sold_individually_context":"","bundle_item_grouping":"","bundle_min_size":"","bundle_max_size":"","bundle_price":[],"bundled_items":[],"bundle_sell_ids":[],"exclude_global_add_ons":[],"addons":[],"acf":[],"brands":[{"id":1135,"name":"H\u00e4decke","slug":"haedecke-en"}],"_links":{"self":[{"href":"https:\/\/luba.de\/en\/wp-json\/wp\/v2\/product\/9626","targetHints":{"allow":["GET"]}}],"collection":[{"href":"https:\/\/luba.de\/en\/wp-json\/wp\/v2\/product"}],"about":[{"href":"https:\/\/luba.de\/en\/wp-json\/wp\/v2\/types\/product"}],"replies":[{"embeddable":true,"href":"https:\/\/luba.de\/en\/wp-json\/wp\/v2\/comments?post=9626"}],"wp:featuredmedia":[{"embeddable":true,"href":"https:\/\/luba.de\/en\/wp-json\/wp\/v2\/media\/16857"}],"wp:attachment":[{"href":"https:\/\/luba.de\/en\/wp-json\/wp\/v2\/media?parent=9626"}],"wp:term":[{"taxonomy":"pwb-brand","embeddable":true,"href":"https:\/\/luba.de\/en\/wp-json\/wp\/v2\/pwb-brand?post=9626"},{"taxonomy":"product_brand","embeddable":true,"href":"https:\/\/luba.de\/en\/wp-json\/wp\/v2\/product_brand?post=9626"},{"taxonomy":"product_cat","embeddable":true,"href":"https:\/\/luba.de\/en\/wp-json\/wp\/v2\/product_cat?post=9626"},{"taxonomy":"product_tag","embeddable":true,"href":"https:\/\/luba.de\/en\/wp-json\/wp\/v2\/product_tag?post=9626"}],"curies":[{"name":"wp","href":"https:\/\/api.w.org\/{rel}","templated":true}]}}