{"id":9638,"date":"2020-03-14T10:11:56","date_gmt":"2020-03-14T09:11:56","guid":{"rendered":"https:\/\/luba.de\/product\/thun-aussaattage-2020\/"},"modified":"2026-03-11T13:08:42","modified_gmt":"2026-03-11T12:08:42","slug":"aussaattage-2026-maria-thun","status":"publish","type":"product","link":"https:\/\/luba.de\/en\/aussaattage-2026-maria-thun\/","title":{"rendered":"Aussaattage 2026 Maria Thun"},"content":{"rendered":"<h2>\u201e Maria Thun\u00ae Aussaattage\u201c\u00a0\u00a0 2026<\/h2>\n<p><strong>Die Unterschiede der Maria Thun\u00ae Aussaattage\u00a0 zu anderen \u201eMondkalendern\u201c:<\/strong><br \/>\nInzwischen gibt es mehrere \u201eMondkalender\u201c, die dem Hausg\u00e4rtner, G\u00e4rtner, Landwirt, Weinbauern und Imker die Arbeit erleichtern wollen. Vergleicht man die verschiedenen Kalender, so muss man feststellen, dass zum Teil recht gro\u00dfe Unterschiede bei den Zeitangaben vorhanden sind, wodurch derjenige, der noch als Neuling im Umgang mit den Kalendern betrachtet werden kann, nicht wei\u00df, welcher Kalender denn nun Recht hat.<\/p>\n<p>Hier spielt es eine nicht zu untersch\u00e4tzende Rolle, welches Gedankengut zu Grunde liegt, oder welche Berechnungsvorlagen verwendet werden.<\/p>\n<p>Betrachtet man die Gestirnkonstellationen \u201eheliozentrisch\u201c (also von der Sonne aus betrachtet, was verst\u00e4ndlicher Weise nur theoretisch oder auf dem Papier vorgenommen werden kann), entstehen g\u00e4nzlich andere Zeiten als aus \u201egeozentrischer\u201c Sicht (also von der Erde aus betrachtet). Da alle Erden-Lebewesen wie Pflanze, Tier und Mensch auf der Erde leben, ist also die geozentrische Betrachtung die realistischere und nur darauf kommt es in erster Linie an.<\/p>\n<p>Da nun nicht nur der Mond \u00fcber bestimmte Kr\u00e4fte verf\u00fcgt, welche die Pflanzen unterschiedlich wachsen lassen (wovon viele Menschen \u00fcberzeugt sind), \u2013 sondern der Mond auch eine Art Vermittlerrolle \u00fcbernommen hat und die Kr\u00e4ftewirksamkeiten, die vom Tierkreis und den Planeten ausgehen, zur Erde weiter leitet, entstehen bei den Berechnungen der Konstellationen nochmals Unterschiede, die von den einzelnen \u201eKalenderschreibern\u201c nicht in gleicher Weise ber\u00fccksichtigt werden.<\/p>\n<p>So haben wir die astrologische Einteilung des Tierkreises. Der Tierkreis besteht aus 12 Tierkreiszeichen, die jeweils 30\u00b0 im Tierkreis einnehmen, sie sind also alle gleich gro\u00df.<\/p>\n<p>Die astronomische Einteilung hingegen nimmt im Tierkreis soviel Platz bzw. Grad je Tierkreisbild oder Sternbild ein wie die Wirkungsweise und tats\u00e4chliche Gr\u00f6\u00dfe des Einzelnen auf der Erde z.B. bei den Pflanzen beobachtet werden kann. Dies ist dann die realistische Berechnungsweise. In den Maria Thun\u00ae Aussaattagen ist der Unterschied von der astrologischen zur astronomischen Berechnung in einer Zeichnung auf Seite 13 dargestellt. Um nun die genauesten Berechnungen vorzunehmen, richten wir uns nach der geozentrischen und astronomischen Betrachtungsweise. Aber nicht nur Theorien und Tabellen sind die \u201eGrundsubstanz\u201c unserer Schriften, sondern die unz\u00e4hligen Versuche und Untersuchungen, meist wissenschaftlich gepr\u00e4gt, die von Maria Thun\u00ae seit 1952 durchgef\u00fchrt wurden.<\/p>\n<p>In den Aussaattagen 2025 widmen wir uns dem Thema Wasser. Dazu bedienen wir uns eines Textes von Maria Thun, in dem sie auf das Element Wasser, seine Rolle in der Landwirtschaft und die geistigen Zusammenh\u00e4nge eingeht. Anschlie\u00dfend widmen wir uns in einem weiteren Text von Maria Thun einem Thema, nach dem wir h\u00e4ufig gefragt werden. Anhand einer beispielhaften Woche, geht Maria Thun in diesem Text auf den Umgang mit dem Mondrhythmus ein. Dadurch werden die theoretischen Angaben aus dem Kalendarium in einen praktischen Zusammenhand ger\u00fcckt.<\/p>\n<p>Im Juni 1924 hat in Koberwitz der Landwirtschaftliche Kurs von Rudolf Steiner stattgefunden und den Grundstein f\u00fcr die biologisch-dynamische Landwirtschaft gesetzt. 2024 wurde das hundertj\u00e4hrige Jubil\u00e4um der biologisch-dynamischen Landwirtschaft vielerort und allen voran von Demeter gefeiert. Zu sehen wie lebendig und bejahend diese ganze Gesellschaft nach 100 Jahren der Arbeit feiert, sowie die vielen geistreichen Beitr\u00e4ge verschiedener Garten- und Landwirte zu h\u00f6ren, war uns eine gro\u00dfe Freude.<\/p>\n<p>Zu der Fragen, worum es sich bei Demeter handelt, haben wir eine kleine, charmante Vorstellung Demeters von Maria Thun eingef\u00fcgt. Weiteres finden sie auch im Netz unter\u00a0www.demeter.de.<\/p>\n<p>Schlie\u00dflich widmen wir uns dem Gem\u00e4lde \u201eFelsen im Herbstwald\u201c von Walter Thun.<\/p>\n<p>Zu guter Letzt ein wichtiger Hinweis:<\/p>\n<p>2026 wird es keinen Veraschungstermin f\u00fcr rotbl\u00fctige Tiere geben. Die daf\u00fcr n\u00f6tigen Konstellationen finden 2026 nicht statt. Daher empfehlen wir dringend entsprechende Veraschungen am 05.12. bis 06.12.2025 vorzunehmen und f\u00fcr das Folgejahr vorzuarbeiten.<\/p>\n<p>Wir w\u00fcnschen allen Leserinnen und Lesern viel Erfolg und Freude in den\u00a0verschiedenen Arbeitsgebieten mit den diesj\u00e4hrigen Maria Thun\u00ae Aussaattagen.<\/p>\n","protected":false},"excerpt":{"rendered":"<p>\u201e Maria Thun\u00ae Aussaattage\u201c\u00a0\u00a0 2026 Die Unterschiede der Maria Thun\u00ae Aussaattage\u00a0 zu anderen \u201eMondkalendern\u201c: Inzwischen gibt es mehrere \u201eMondkalender\u201c, die dem Hausg\u00e4rtner, G\u00e4rtner, Landwirt, Weinbauern und Imker die Arbeit erleichtern wollen. Vergleicht man die verschiedenen Kalender, so muss man feststellen, dass zum Teil recht gro\u00dfe Unterschiede bei den Zeitangaben vorhanden sind, wodurch derjenige, der noch [&#8230;]\n","protected":false},"featured_media":26777,"comment_status":"open","ping_status":"closed","template":"","meta":{"_acf_changed":false},"pwb-brand":[1162],"product_brand":[],"product_cat":[1004],"product_tag":[],"class_list":{"0":"post-9638","1":"product","2":"type-product","3":"status-publish","4":"has-post-thumbnail","6":"pwb-brand-thun-en","7":"product_cat-technical-literature","9":"first","10":"instock","11":"taxable","12":"shipping-taxable","13":"purchasable","14":"product-type-simple"},"bundled_by":[],"bundle_stock_status":"instock","bundle_stock_quantity":100,"bundle_virtual":false,"bundle_layout":"","bundle_add_to_cart_form_location":"","bundle_editable_in_cart":false,"bundle_sold_individually_context":"","bundle_item_grouping":"","bundle_min_size":"","bundle_max_size":"","bundle_price":[],"bundled_items":[],"bundle_sell_ids":[],"exclude_global_add_ons":[],"addons":[],"acf":[],"brands":[{"id":1162,"name":"Thun","slug":"thun-en"}],"_links":{"self":[{"href":"https:\/\/luba.de\/en\/wp-json\/wp\/v2\/product\/9638","targetHints":{"allow":["GET"]}}],"collection":[{"href":"https:\/\/luba.de\/en\/wp-json\/wp\/v2\/product"}],"about":[{"href":"https:\/\/luba.de\/en\/wp-json\/wp\/v2\/types\/product"}],"replies":[{"embeddable":true,"href":"https:\/\/luba.de\/en\/wp-json\/wp\/v2\/comments?post=9638"}],"wp:featuredmedia":[{"embeddable":true,"href":"https:\/\/luba.de\/en\/wp-json\/wp\/v2\/media\/26777"}],"wp:attachment":[{"href":"https:\/\/luba.de\/en\/wp-json\/wp\/v2\/media?parent=9638"}],"wp:term":[{"taxonomy":"pwb-brand","embeddable":true,"href":"https:\/\/luba.de\/en\/wp-json\/wp\/v2\/pwb-brand?post=9638"},{"taxonomy":"product_brand","embeddable":true,"href":"https:\/\/luba.de\/en\/wp-json\/wp\/v2\/product_brand?post=9638"},{"taxonomy":"product_cat","embeddable":true,"href":"https:\/\/luba.de\/en\/wp-json\/wp\/v2\/product_cat?post=9638"},{"taxonomy":"product_tag","embeddable":true,"href":"https:\/\/luba.de\/en\/wp-json\/wp\/v2\/product_tag?post=9638"}],"curies":[{"name":"wp","href":"https:\/\/api.w.org\/{rel}","templated":true}]}}