{"id":9640,"date":"2020-03-14T10:11:56","date_gmt":"2020-03-14T09:11:56","guid":{"rendered":"https:\/\/luba.de\/product\/ruehr-und-knetwerk-rk-fuer-culina\/"},"modified":"2026-02-12T09:23:52","modified_gmt":"2026-02-12T08:23:52","slug":"ruehr-und-knetwerk-rk-fuer-culina","status":"publish","type":"product","link":"https:\/\/luba.de\/en\/ruehr-und-knetwerk-rk-fuer-culina\/","title":{"rendered":"R\u00fchr- und Knetwerk (RK) f\u00fcr Culina"},"content":{"rendered":"<p>Das Knet- und R\u00fchrwerk verarbeitet alle Schlag- und R\u00fchrteige sowie feste Teige. Die Kombination beweglicher und fester Knethaken garantiert eine hervorragende Teigverarbeitung. Dieses Komplett-Set besteht aus R\u00fchrsch\u00fcssel mit Deckel, Antriebsstab, Knethaken, Schneebesen und Teigschneider.<\/p>\n","protected":false},"excerpt":{"rendered":"<p>Das Knet- und R\u00fchrwerk verarbeitet alle Schlag- und R\u00fchrteige sowie feste Teige. Die Kombination beweglicher und fester Knethaken garantiert eine hervorragende Teigverarbeitung. Dieses Komplett-Set besteht aus R\u00fchrsch\u00fcssel mit Deckel, Antriebsstab, Knethaken, Schneebesen und Teigschneider.<\/p>\n","protected":false},"featured_media":11231,"comment_status":"closed","ping_status":"closed","template":"","meta":{"_acf_changed":false},"pwb-brand":[1163],"product_brand":[],"product_cat":[879,852,920],"product_tag":[],"class_list":{"0":"post-9640","1":"product","2":"type-product","3":"status-publish","4":"has-post-thumbnail","6":"pwb-brand-messerschmidt-en","7":"product_cat-kitchen-appliance-accessories","8":"product_cat-kitchen-appliances-electrical","9":"product_cat-messerschmidt-kuechenmaschienen-zubehoer-en","11":"first","12":"instock","13":"taxable","14":"shipping-taxable","15":"purchasable","16":"product-type-simple"},"bundled_by":["9230","9226"],"bundle_stock_status":"instock","bundle_stock_quantity":2,"bundle_virtual":false,"bundle_layout":"","bundle_add_to_cart_form_location":"","bundle_editable_in_cart":false,"bundle_sold_individually_context":"","bundle_item_grouping":"","bundle_min_size":"","bundle_max_size":"","bundle_price":[],"bundled_items":[],"bundle_sell_ids":[],"exclude_global_add_ons":[],"addons":[],"acf":[],"brands":[{"id":1163,"name":"Messerschmidt","slug":"messerschmidt-en"}],"_links":{"self":[{"href":"https:\/\/luba.de\/en\/wp-json\/wp\/v2\/product\/9640","targetHints":{"allow":["GET"]}}],"collection":[{"href":"https:\/\/luba.de\/en\/wp-json\/wp\/v2\/product"}],"about":[{"href":"https:\/\/luba.de\/en\/wp-json\/wp\/v2\/types\/product"}],"replies":[{"embeddable":true,"href":"https:\/\/luba.de\/en\/wp-json\/wp\/v2\/comments?post=9640"}],"wp:featuredmedia":[{"embeddable":true,"href":"https:\/\/luba.de\/en\/wp-json\/wp\/v2\/media\/11231"}],"wp:attachment":[{"href":"https:\/\/luba.de\/en\/wp-json\/wp\/v2\/media?parent=9640"}],"wp:term":[{"taxonomy":"pwb-brand","embeddable":true,"href":"https:\/\/luba.de\/en\/wp-json\/wp\/v2\/pwb-brand?post=9640"},{"taxonomy":"product_brand","embeddable":true,"href":"https:\/\/luba.de\/en\/wp-json\/wp\/v2\/product_brand?post=9640"},{"taxonomy":"product_cat","embeddable":true,"href":"https:\/\/luba.de\/en\/wp-json\/wp\/v2\/product_cat?post=9640"},{"taxonomy":"product_tag","embeddable":true,"href":"https:\/\/luba.de\/en\/wp-json\/wp\/v2\/product_tag?post=9640"}],"curies":[{"name":"wp","href":"https:\/\/api.w.org\/{rel}","templated":true}]}}