{"id":9652,"date":"2020-03-14T10:11:56","date_gmt":"2020-03-14T09:11:56","guid":{"rendered":"https:\/\/luba.de\/product\/stoeckli-doerrgeraet-mit-timer-3-edelstahl-gittern\/"},"modified":"2025-08-01T15:18:40","modified_gmt":"2025-08-01T13:18:40","slug":"stoeckli-doerrex-dehydrator","status":"publish","type":"product","link":"https:\/\/luba.de\/en\/stoeckli-doerrex-dehydrator\/","title":{"rendered":"St\u00f6ckli D\u00f6rrex Dehydrator"},"content":{"rendered":"<p>Drying with St\u00f6ckli dehydrators is the most natural and easiest way to preserve fruits, vegetables, mushrooms and herbs. Dried foods retain their high nutritional value and are therefore not only tasty, but also very healthy. Dehydrator with easy-care plastic housing, stepless temperature adjustment and active warm air circulation. The different drying times for the respective dehydrated foods are stamped on the transparent cover.\u00a0 The LED lights up when heating is in operation. Including three drying racks as standard. Made in Switzerland. Capacity: the device can be operated with up to ten drying racks. Instructions for use: German, French, Italian, English, Dutch.<\/p>\n<h3>Technical data:<\/h3>\n<ul>\n<li>230V, 540 W<\/li>\n<li>S + \/ CE tested.<\/li>\n<li>5 years manufacturer warranty<\/li>\n<li>Dimensions: \u00d8 33.5 cm, height: 27.5 cm<\/li>\n<\/ul>\n<p><strong>Drying Racks<\/strong>:<br \/>\nStainless steel version: transparent plastic frame and fine stainless steel mesh (plastic material: SAN and ABS)<br \/>\nWhite plastic version: White plastic frame and coarse mesh made of plastic mesh (plastic material: SAN &amp; PP)<\/p>\n<div style=\"width: 1020px;\" class=\"wp-video\"><video class=\"wp-video-shortcode\" id=\"video-9652-1\" width=\"1020\" height=\"574\" preload=\"metadata\" controls=\"controls\"><source type=\"video\/mp4\" src=\"https:\/\/luba.de\/wp-content\/uploads\/2020\/03\/Doerrex-1.mp4?_=1\" \/><a href=\"https:\/\/luba.de\/wp-content\/uploads\/2020\/03\/Doerrex-1.mp4\">https:\/\/luba.de\/wp-content\/uploads\/2020\/03\/Doerrex-1.mp4<\/a><\/video><\/div>\n\n  <div class=\"banner has-hover\" id=\"banner-538477820\">\n          <div class=\"banner-inner fill\">\n        <div class=\"banner-bg fill\" >\n            <img decoding=\"async\" width=\"1020\" height=\"574\" src=\"https:\/\/luba.de\/wp-content\/uploads\/2020\/06\/Doerrex-Banner-1400x788.png\" class=\"bg attachment-large size-large\" alt=\"\" title=\"\">                        <div class=\"overlay\"><\/div>            \n                    <\/div>\n\t\t\n        <div class=\"banner-layers container\">\n            <div class=\"fill banner-link\"><\/div>            \n   <div id=\"text-box-74761553\" class=\"text-box banner-layer x5 md-x5 lg-x5 y50 md-y50 lg-y50 res-text\">\n                                <div class=\"text-box-content text box-shadow-3\">\n              \n              <div class=\"text-inner text-left\">\n                  \n<h2>D\u00f6rrex Variants<\/h2>\n<div class=\"et_pb_module et_pb_text et_pb_text_1 et_pb_bg_layout_light et_pb_text_align_left\">\n<div class=\"et_pb_text_inner\">\n<p>Apple rings or pear slices, apricots, tomato pieces, herbs or mushrooms can be gently dried with the electric dehydrator. The Swiss company St\u00f6ckli offers four different versions from its own Swiss production, which leave nothing to be desired. You decide what is important to you, with or without a timer for automatic switch-off, plastic or metal racks.<\/p>\n<\/div>\n<\/div>\n              <\/div>\n           <\/div>\n                            \n<style>\n#text-box-74761553 .text-box-content {\n  background-color: rgb(255, 255, 255);\n  font-size: 100%;\n}\n#text-box-74761553 .text-inner {\n  padding: 30px 30px 30px 30px;\n}\n#text-box-74761553 {\n  width: 60%;\n}\n@media (min-width:550px) {\n  #text-box-74761553 {\n    width: 40%;\n  }\n}\n<\/style>\n    <\/div>\n \n        <\/div>\n      <\/div>\n\n            \n<style>\n#banner-538477820 {\n  padding-top: 500px;\n  background-color: rgb(255, 255, 255);\n}\n#banner-538477820 .overlay {\n  background-color: rgba(190, 190, 190, 0.2);\n}\n<\/style>\n  <\/div>\n\n\n<div class=\"row\"  id=\"row-1169649375\">\n\n\t<div id=\"col-2015677458\" class=\"col medium-6 small-12 large-6\"  >\n\t\t\t\t<div class=\"col-inner\"  >\n\t\t\t\n\t\t\t\n<h2>Large Capacity<\/h2>\n<p>All d\u00f6rrex dehydrators allow even drying on up to ten drying racks stacked on top of each other. The cleaned, dabbed and mostly sliced dehydrated foods lie on top of it. In the case of very juicy dehydrating goods, such as vegetables or some fruits, the use of a <a href=\"https:\/\/luba.de\/en\/silikoneinlage-zu-stoeckli-doerrgitter-2er-pack\/\">silicone insert<\/a> is recommended. This is also available here from us. This is the easiest way to dry fruit, vegetables and herbs.<\/p>\n<h2>Best drying results thanks to active warm air circulation<\/h2>\n<p>The secret to perfect drying lies in the constant circulation of warm air.<br \/>\nIt enables even drying on round drying grids stacked on top of each other.<br \/>\nThere is a low-noise fan in the lower part of the housing. The temperature can be continuously adjusted between 20 \u00b0 and 70 \u00b0 C. A gentle air flow dries the dehydrated material evenly from all sides.<\/p>\n\t\t<\/div>\n\t\t\t\t\t<\/div>\n\n\t\n\n\t<div id=\"col-431141440\" class=\"col medium-6 small-12 large-6\"  >\n\t\t\t\t<div class=\"col-inner\"  >\n\t\t\t\n\t\t\t\n\t<div class=\"img has-hover x md-x lg-x y md-y lg-y\" id=\"image_1271746991\">\n\t\t\t\t\t\t\t\t<div class=\"img-inner dark\" >\n\t\t\t<img decoding=\"async\" width=\"479\" height=\"800\" src=\"https:\/\/luba.de\/wp-content\/uploads\/2020\/06\/doerrex-10-479x800.jpg\" class=\"attachment-large size-large\" alt=\"\" srcset=\"https:\/\/luba.de\/wp-content\/uploads\/2020\/06\/doerrex-10-479x800.jpg 479w, https:\/\/luba.de\/wp-content\/uploads\/2020\/06\/doerrex-10-240x400.jpg 240w, https:\/\/luba.de\/wp-content\/uploads\/2020\/06\/doerrex-10-768x1281.jpg 768w, https:\/\/luba.de\/wp-content\/uploads\/2020\/06\/doerrex-10-921x1536.jpg 921w, https:\/\/luba.de\/wp-content\/uploads\/2020\/06\/doerrex-10-400x667.jpg 400w, https:\/\/luba.de\/wp-content\/uploads\/2020\/06\/doerrex-10-510x851.jpg 510w, https:\/\/luba.de\/wp-content\/uploads\/2020\/06\/doerrex-10.jpg 1080w\" sizes=\"(max-width: 479px) 100vw, 479px\" title=\"\">\t\t\t\t\t\t\n\t\t\t\t\t<\/div>\n\t\t\t\t\t\t\t\t\n<style>\n#image_1271746991 {\n  width: 100%;\n}\n<\/style>\n\t<\/div>\n\t\n\t\t<\/div>\n\t\t\t\t\t<\/div>\n\n\t\n<\/div>\n<div class=\"row\"  id=\"row-1631145322\">\n\n\t<div id=\"col-759472223\" class=\"col medium-6 small-12 large-6\"  >\n\t\t\t\t<div class=\"col-inner\"  >\n\t\t\t\n\t\t\t\n\t<div class=\"img has-hover x md-x lg-x y md-y lg-y\" id=\"image_1609731387\">\n\t\t\t\t\t\t\t\t<div class=\"img-inner dark\" >\n\t\t\t<img decoding=\"async\" width=\"908\" height=\"618\" src=\"https:\/\/luba.de\/wp-content\/uploads\/2020\/06\/0075.70M_Steinpilze_e03.png\" class=\"attachment-large size-large\" alt=\"\" srcset=\"https:\/\/luba.de\/wp-content\/uploads\/2020\/06\/0075.70M_Steinpilze_e03.png 908w, https:\/\/luba.de\/wp-content\/uploads\/2020\/06\/0075.70M_Steinpilze_e03-588x400.png 588w, https:\/\/luba.de\/wp-content\/uploads\/2020\/06\/0075.70M_Steinpilze_e03-768x523.png 768w, https:\/\/luba.de\/wp-content\/uploads\/2020\/06\/0075.70M_Steinpilze_e03-400x272.png 400w, https:\/\/luba.de\/wp-content\/uploads\/2020\/06\/0075.70M_Steinpilze_e03-510x347.png 510w\" sizes=\"(max-width: 908px) 100vw, 908px\" title=\"\">\t\t\t\t\t\t\n\t\t\t\t\t<\/div>\n\t\t\t\t\t\t\t\t\n<style>\n#image_1609731387 {\n  width: 100%;\n}\n<\/style>\n\t<\/div>\n\t\n\t\t<\/div>\n\t\t\t\t\t<\/div>\n\n\t\n\n\t<div id=\"col-929338656\" class=\"col medium-6 small-12 large-6\"  >\n\t\t\t\t<div class=\"col-inner\"  >\n\t\t\t\n\t\t\t\n<h2>Swiss Made<\/h2>\n<p>All St\u00f6ckli dehydrators are SWISS MADE. This means that they are manufactured in-house in Switzerland. Both racks are very rugged and easy to clean. The close-meshed metal mesh is also suitable for drying small-leaved herbs. You can choose between models with and without timers, with mesh made of plastic or metal.<\/p>\n\t\t<\/div>\n\t\t\t\t\t<\/div>\n\n\t\n<\/div>\n<div class=\"row\"  id=\"row-1754127039\">\n\n\t<div id=\"col-700683567\" class=\"col medium-8 small-12 large-8\"  >\n\t\t\t\t<div class=\"col-inner\"  >\n\t\t\t\n\t\t\t\n\t<div class=\"box has-hover   has-hover box-text-bottom\" >\n\n\t\t<div class=\"box-image\" >\n\t\t\t\t\t\t<div class=\"\" >\n\t\t\t\t<img decoding=\"async\" width=\"988\" height=\"346\" src=\"https:\/\/luba.de\/wp-content\/uploads\/2020\/06\/Landidee_Apfelfest_40638.png\" class=\"attachment- size-\" alt=\"\" srcset=\"https:\/\/luba.de\/wp-content\/uploads\/2020\/06\/Landidee_Apfelfest_40638.png 988w, https:\/\/luba.de\/wp-content\/uploads\/2020\/06\/Landidee_Apfelfest_40638-800x280.png 800w, https:\/\/luba.de\/wp-content\/uploads\/2020\/06\/Landidee_Apfelfest_40638-768x269.png 768w, https:\/\/luba.de\/wp-content\/uploads\/2020\/06\/Landidee_Apfelfest_40638-400x140.png 400w, https:\/\/luba.de\/wp-content\/uploads\/2020\/06\/Landidee_Apfelfest_40638-510x179.png 510w\" sizes=\"(max-width: 988px) 100vw, 988px\" title=\"\">\t\t\t\t\t\t\t\t\t\t\t<\/div>\n\t\t\t\t\t<\/div>\n\n\t\t<div class=\"box-text text-center\" >\n\t\t\t<div class=\"box-text-inner\">\n\t\t\t\t\n<h4>Practical Accessories<\/h4>\n<p>Have you seen the silicone inserts? These are placed on the dehydration racks and are particularly suitable for dehydrating juicy foods. Tomatoes, plums or mangoes can be dried much easier this way. This insert ensures that the juice of the drying goods does not drip through the mesh. The small holes still guarantee optimal circulation of the warm air and thus all round successful drying.<\/p>\n\t\t\t<\/div>\n\t\t<\/div>\n\t<\/div>\n\t\n\t\t<\/div>\n\t\t\t\t\t<\/div>\n\n\t\n\n\t<div id=\"col-1531050856\" class=\"col medium-4 small-12 large-4\"  >\n\t\t\t\t<div class=\"col-inner\"  >\n\t\t\t\n\t\t\t\n\t<div class=\"box has-hover   has-hover box-text-bottom\" >\n\n\t\t<div class=\"box-image\" >\n\t\t\t\t\t\t<div class=\"\" >\n\t\t\t\t<img decoding=\"async\" width=\"600\" height=\"334\" src=\"https:\/\/luba.de\/wp-content\/uploads\/2020\/06\/4.2_doerrex-600x334-1.jpg\" class=\"attachment- size-\" alt=\"\" srcset=\"https:\/\/luba.de\/wp-content\/uploads\/2020\/06\/4.2_doerrex-600x334-1.jpg 600w, https:\/\/luba.de\/wp-content\/uploads\/2020\/06\/4.2_doerrex-600x334-1-400x223.jpg 400w, https:\/\/luba.de\/wp-content\/uploads\/2020\/06\/4.2_doerrex-600x334-1-510x284.jpg 510w\" sizes=\"(max-width: 600px) 100vw, 600px\" title=\"\">\t\t\t\t\t\t\t\t\t\t\t<\/div>\n\t\t\t\t\t<\/div>\n\n\t\t<div class=\"box-text text-center\" >\n\t\t\t<div class=\"box-text-inner\">\n\t\t\t\t\n<h4><a href=\"https:\/\/luba.de\/en\/silikoneinlage-zu-stoeckli-doerrgitter-2er-pack\/\">SILICONE INSERT<\/a><\/h4>\n<p>For use with dehydrator racks when dehydrating very juicy goods.<\/p>\n\t\t\t<\/div>\n\t\t<\/div>\n\t<\/div>\n\t\n\t\t<\/div>\n\t\t\t\t\t<\/div>\n\n\t\n<\/div>\n\n\t<section class=\"section\" id=\"section_393935502\">\n\t\t<div class=\"section-bg fill\" >\n\t\t\t\t\t\t\t\t\t\n\t\t\t\n\n\t\t<\/div>\n\n\t\t\n\n\t\t<div class=\"section-content relative\">\n\t\t\t\n<h3>Zubeh\u00f6r f\u00fcr St\u00f6ckli D\u00f6rrex D\u00f6rrger\u00e4t<\/h3>\n<ul class=\"ux-products-list product_list_widget\">\n\t\t\t\t\t<li>\n\t<a href=\"https:\/\/luba.de\/en\/zusatz-kunststoff-doerrgitter-fuer-stoeckli-doerrex-doerrgeraet\/\" title=\"Zusatz Kunststoff D\u00f6rrgitter f\u00fcr St\u00f6ckli D\u00f6rrex D\u00f6rrger\u00e4t\">\n\t\t<img decoding=\"async\" width=\"100\" height=\"100\" src=\"https:\/\/luba.de\/wp-content\/uploads\/2020\/03\/007705-stoeckli-01-100x100.jpg\" class=\"attachment-woocommerce_gallery_thumbnail size-woocommerce_gallery_thumbnail\" alt=\"Zusatz Kunststoff D\u00f6rrgitter f\u00fcr St\u00f6ckli D\u00f6rrex D\u00f6rrger\u00e4t\" srcset=\"https:\/\/luba.de\/wp-content\/uploads\/2020\/03\/007705-stoeckli-01-100x100.jpg 100w, https:\/\/luba.de\/wp-content\/uploads\/2020\/03\/007705-stoeckli-01-400x400.jpg 400w, https:\/\/luba.de\/wp-content\/uploads\/2020\/03\/007705-stoeckli-01-800x800.jpg 800w, https:\/\/luba.de\/wp-content\/uploads\/2020\/03\/007705-stoeckli-01-280x280.jpg 280w, https:\/\/luba.de\/wp-content\/uploads\/2020\/03\/007705-stoeckli-01-768x768.jpg 768w, https:\/\/luba.de\/wp-content\/uploads\/2020\/03\/007705-stoeckli-01-32x32.jpg 32w, https:\/\/luba.de\/wp-content\/uploads\/2020\/03\/007705-stoeckli-01-510x510.jpg 510w, https:\/\/luba.de\/wp-content\/uploads\/2020\/03\/007705-stoeckli-01.jpg 1000w\" sizes=\"(max-width: 100px) 100vw, 100px\" title=\"\">\t\t<span class=\"product-title\">Zusatz Kunststoff D\u00f6rrgitter f\u00fcr St\u00f6ckli D\u00f6rrex D\u00f6rrger\u00e4t<\/span>\n\t<\/a>\n\t\t<span class=\"woocommerce-Price-amount amount\"><bdi>14.90&nbsp;<span class=\"woocommerce-Price-currencySymbol\">&euro;<\/span><\/bdi><\/span><small class=\"woocommerce-price-suffix\"> Inkl. MwSt.<\/small><\/li>\n\t\t\t\t\t<li>\n\t<a href=\"https:\/\/luba.de\/en\/silikoneinlage-zu-stoeckli-doerrgitter-2er-pack\/\" title=\"Silikoneinlage zu St\u00f6ckli D\u00f6rrgitter (2er Pack)\">\n\t\t<img decoding=\"async\" width=\"100\" height=\"100\" src=\"https:\/\/luba.de\/wp-content\/uploads\/2020\/12\/007704-stoeckli-1-100x100.jpg\" class=\"attachment-woocommerce_gallery_thumbnail size-woocommerce_gallery_thumbnail\" alt=\"Silikoneinlage zu St\u00f6ckli D\u00f6rrgitter \" srcset=\"https:\/\/luba.de\/wp-content\/uploads\/2020\/12\/007704-stoeckli-1-100x100.jpg 100w, https:\/\/luba.de\/wp-content\/uploads\/2020\/12\/007704-stoeckli-1-400x400.jpg 400w, https:\/\/luba.de\/wp-content\/uploads\/2020\/12\/007704-stoeckli-1-800x800.jpg 800w, https:\/\/luba.de\/wp-content\/uploads\/2020\/12\/007704-stoeckli-1-280x280.jpg 280w, https:\/\/luba.de\/wp-content\/uploads\/2020\/12\/007704-stoeckli-1-768x768.jpg 768w, https:\/\/luba.de\/wp-content\/uploads\/2020\/12\/007704-stoeckli-1-32x32.jpg 32w, https:\/\/luba.de\/wp-content\/uploads\/2020\/12\/007704-stoeckli-1-510x510.jpg 510w, https:\/\/luba.de\/wp-content\/uploads\/2020\/12\/007704-stoeckli-1.jpg 1000w\" sizes=\"(max-width: 100px) 100vw, 100px\" title=\"\">\t\t<span class=\"product-title\">Silikoneinlage zu St\u00f6ckli D\u00f6rrgitter (2er Pack)<\/span>\n\t<\/a>\n\t\t<span class=\"woocommerce-Price-amount amount\"><bdi>16.90&nbsp;<span class=\"woocommerce-Price-currencySymbol\">&euro;<\/span><\/bdi><\/span><small class=\"woocommerce-price-suffix\"> Inkl. MwSt.<\/small><\/li>\n\t\t\t\t\t<li>\n\t<a href=\"https:\/\/luba.de\/en\/zusatz-edelstahl-doerrgitter-fuer-stoeckli-doerrex-doerrgeraet\/\" title=\"Zusatz Edelstahl D\u00f6rrgitter f\u00fcr St\u00f6ckli D\u00f6rrex D\u00f6rrger\u00e4t\">\n\t\t<img decoding=\"async\" width=\"100\" height=\"100\" src=\"https:\/\/luba.de\/wp-content\/uploads\/2020\/12\/007701-stoeckli-1-100x100.jpg\" class=\"attachment-woocommerce_gallery_thumbnail size-woocommerce_gallery_thumbnail\" alt=\"Zusatz Edelstahl D\u00f6rrgitter f\u00fcr St\u00f6ckli D\u00f6rrex D\u00f6rrger\u00e4t\" srcset=\"https:\/\/luba.de\/wp-content\/uploads\/2020\/12\/007701-stoeckli-1-100x100.jpg 100w, https:\/\/luba.de\/wp-content\/uploads\/2020\/12\/007701-stoeckli-1-400x400.jpg 400w, https:\/\/luba.de\/wp-content\/uploads\/2020\/12\/007701-stoeckli-1-800x800.jpg 800w, https:\/\/luba.de\/wp-content\/uploads\/2020\/12\/007701-stoeckli-1-280x280.jpg 280w, https:\/\/luba.de\/wp-content\/uploads\/2020\/12\/007701-stoeckli-1-768x768.jpg 768w, https:\/\/luba.de\/wp-content\/uploads\/2020\/12\/007701-stoeckli-1-32x32.jpg 32w, https:\/\/luba.de\/wp-content\/uploads\/2020\/12\/007701-stoeckli-1-510x510.jpg 510w, https:\/\/luba.de\/wp-content\/uploads\/2020\/12\/007701-stoeckli-1.jpg 1000w\" sizes=\"(max-width: 100px) 100vw, 100px\" title=\"\">\t\t<span class=\"product-title\">Zusatz Edelstahl D\u00f6rrgitter f\u00fcr St\u00f6ckli D\u00f6rrex D\u00f6rrger\u00e4t<\/span>\n\t<\/a>\n\t\t<span class=\"woocommerce-Price-amount amount\"><bdi>29.90&nbsp;<span class=\"woocommerce-Price-currencySymbol\">&euro;<\/span><\/bdi><\/span><small class=\"woocommerce-price-suffix\"> Inkl. MwSt.<\/small><\/li>\n\t\t\n\t\t<\/ul>\n\t\t<\/div>\n\n\t\t\n<style>\n#section_393935502 {\n  padding-top: 30px;\n  padding-bottom: 30px;\n}\n<\/style>\n\t<\/section>\n\t\n\n  <div class=\"banner has-hover\" id=\"banner-252926685\">\n          <div class=\"banner-inner fill\">\n        <div class=\"banner-bg fill\" >\n            <img decoding=\"async\" width=\"1020\" height=\"334\" src=\"https:\/\/luba.de\/wp-content\/uploads\/2020\/06\/Do\u0308rren-Bananenchips-1400x458.png\" class=\"bg attachment-large size-large\" alt=\"\" title=\"\">                        <div class=\"overlay\"><\/div>            \n                    <\/div>\n\t\t\n        <div class=\"banner-layers container\">\n            <div class=\"fill banner-link\"><\/div>            \n   <div id=\"text-box-621158543\" class=\"text-box banner-layer x10 md-x10 lg-x10 y25 md-y25 lg-y25 res-text\">\n                                <div class=\"text-box-content text dark\">\n              \n              <div class=\"text-inner text-center\">\n                  \n<h3 class=\"uppercase\"><strong>Reducing FOOD WASTE<\/strong><\/h3>\n<p>Instead of throwing away leftover fruit and vegetables, you can use d\u00f6rrex to turn them into delicious, healthy snacks or make your own soup green.<\/p>\n              <\/div>\n           <\/div>\n                            \n<style>\n#text-box-621158543 {\n  width: 27%;\n}\n#text-box-621158543 .text-box-content {\n  font-size: 100%;\n}\n<\/style>\n    <\/div>\n \n[\/text_box]\n        <\/div>\n      <\/div>\n\n            \n<style>\n#banner-252926685 {\n  padding-top: 56.25%;\n}\n#banner-252926685 .overlay {\n  background-color: rgba(0, 0, 0, 0.52);\n}\n<\/style>\n  <\/div>\n\n\n","protected":false},"excerpt":{"rendered":"<ul>\n<li>incl. 3 drying racks<\/li>\n<li>5 year guarantee<\/li>\n<\/ul>\n","protected":false},"featured_media":11955,"comment_status":"open","ping_status":"closed","template":"","meta":{"_acf_changed":false},"pwb-brand":[1145],"product_brand":[],"product_cat":[844],"product_tag":[1272,1273],"class_list":{"0":"post-9652","1":"product","2":"type-product","3":"status-publish","4":"has-post-thumbnail","6":"pwb-brand-stoeckli-en","7":"product_cat-dehydrators","8":"product_tag-dehydrator","9":"product_tag-doerrgeraet-en","11":"first","12":"instock","13":"taxable","14":"shipping-taxable","15":"purchasable","16":"product-type-variable","17":"has-default-attributes"},"bundled_by":[],"bundle_stock_status":"instock","bundle_stock_quantity":null,"bundle_virtual":false,"bundle_layout":"","bundle_add_to_cart_form_location":"","bundle_editable_in_cart":false,"bundle_sold_individually_context":"","bundle_item_grouping":"","bundle_min_size":"","bundle_max_size":"","bundle_price":[],"bundled_items":[],"bundle_sell_ids":[],"exclude_global_add_ons":[],"addons":[],"acf":[],"brands":[{"id":1145,"name":"St\u00f6ckli","slug":"stoeckli-en"}],"_links":{"self":[{"href":"https:\/\/luba.de\/en\/wp-json\/wp\/v2\/product\/9652","targetHints":{"allow":["GET"]}}],"collection":[{"href":"https:\/\/luba.de\/en\/wp-json\/wp\/v2\/product"}],"about":[{"href":"https:\/\/luba.de\/en\/wp-json\/wp\/v2\/types\/product"}],"replies":[{"embeddable":true,"href":"https:\/\/luba.de\/en\/wp-json\/wp\/v2\/comments?post=9652"}],"wp:featuredmedia":[{"embeddable":true,"href":"https:\/\/luba.de\/en\/wp-json\/wp\/v2\/media\/11955"}],"wp:attachment":[{"href":"https:\/\/luba.de\/en\/wp-json\/wp\/v2\/media?parent=9652"}],"wp:term":[{"taxonomy":"pwb-brand","embeddable":true,"href":"https:\/\/luba.de\/en\/wp-json\/wp\/v2\/pwb-brand?post=9652"},{"taxonomy":"product_brand","embeddable":true,"href":"https:\/\/luba.de\/en\/wp-json\/wp\/v2\/product_brand?post=9652"},{"taxonomy":"product_cat","embeddable":true,"href":"https:\/\/luba.de\/en\/wp-json\/wp\/v2\/product_cat?post=9652"},{"taxonomy":"product_tag","embeddable":true,"href":"https:\/\/luba.de\/en\/wp-json\/wp\/v2\/product_tag?post=9652"}],"curies":[{"name":"wp","href":"https:\/\/api.w.org\/{rel}","templated":true}]}}