{"id":9656,"date":"2020-03-14T10:11:56","date_gmt":"2020-03-14T09:11:56","guid":{"rendered":"https:\/\/luba.de\/product\/zusatz-edelstahl-doerrgitter-fuer-stoeckli-doerrer\/"},"modified":"2026-03-17T09:38:44","modified_gmt":"2026-03-17T08:38:44","slug":"zusatz-edelstahl-doerrgitter-fuer-stoeckli-doerrex-doerrgeraet","status":"publish","type":"product","link":"https:\/\/luba.de\/en\/zusatz-edelstahl-doerrgitter-fuer-stoeckli-doerrex-doerrgeraet\/","title":{"rendered":"Zusatz Edelstahl D\u00f6rrgitter f\u00fcr St\u00f6ckli D\u00f6rrex D\u00f6rrger\u00e4t"},"content":{"rendered":"<p>D\u00f6rrgitter Edelstahl, zur Erweiterung Ihres St\u00f6ckli D\u00f6rrger\u00e4tes.\u00a0 Erh\u00f6hen Sie die Kapazit\u00e4t Ihres D\u00f6rrger\u00e4tes mit bis zu maximal 10 Etagen (Edelstahl und <a href=\"https:\/\/luba.de\/produkt\/zusatz-doerrgitter-fuer-stoeckli-doerrer-kunststoff\/\">Kunststoff<\/a> Etagen k\u00f6nnen gemischt genutzt werden).<br \/>\nDas feinmaschige Zusatzgitter aus Edelstahl mit Kunststoffrahmen eignet sich ideal zum D\u00f6rren von Kr\u00e4utern. Sp\u00fclmaschinenfest bis 40 Grad. Swiss Made<br \/>\n\u00d8 33,5 cm, H\u00f6he ca. 5 cm. Farbe: Grau<\/p>\n","protected":false},"excerpt":{"rendered":"<p>D\u00f6rrgitter Edelstahl, zur Erweiterung Ihres St\u00f6ckli D\u00f6rrger\u00e4tes.\u00a0 Erh\u00f6hen Sie die Kapazit\u00e4t Ihres D\u00f6rrger\u00e4tes mit bis zu maximal 10 Etagen (Edelstahl und Kunststoff Etagen k\u00f6nnen gemischt genutzt werden). Das feinmaschige Zusatzgitter aus Edelstahl mit Kunststoffrahmen eignet sich ideal zum D\u00f6rren von Kr\u00e4utern. Sp\u00fclmaschinenfest bis 40 Grad. Swiss Made \u00d8 33,5 cm, H\u00f6he ca. 5 cm. Farbe: [&#8230;]\n","protected":false},"featured_media":11528,"comment_status":"closed","ping_status":"closed","template":"","meta":{"_acf_changed":false},"pwb-brand":[1145],"product_brand":[],"product_cat":[903],"product_tag":[],"class_list":{"0":"post-9656","1":"product","2":"type-product","3":"status-publish","4":"has-post-thumbnail","6":"pwb-brand-stoeckli-en","7":"product_cat-accessories-dehydrators","9":"first","10":"outofstock","11":"taxable","12":"shipping-taxable","13":"purchasable","14":"product-type-simple"},"bundled_by":[],"bundle_stock_status":"outofstock","bundle_stock_quantity":-2,"bundle_virtual":false,"bundle_layout":"","bundle_add_to_cart_form_location":"","bundle_editable_in_cart":false,"bundle_sold_individually_context":"","bundle_item_grouping":"","bundle_min_size":"","bundle_max_size":"","bundle_price":[],"bundled_items":[],"bundle_sell_ids":[],"exclude_global_add_ons":[],"addons":[],"acf":[],"brands":[{"id":1145,"name":"St\u00f6ckli","slug":"stoeckli-en"}],"_links":{"self":[{"href":"https:\/\/luba.de\/en\/wp-json\/wp\/v2\/product\/9656","targetHints":{"allow":["GET"]}}],"collection":[{"href":"https:\/\/luba.de\/en\/wp-json\/wp\/v2\/product"}],"about":[{"href":"https:\/\/luba.de\/en\/wp-json\/wp\/v2\/types\/product"}],"replies":[{"embeddable":true,"href":"https:\/\/luba.de\/en\/wp-json\/wp\/v2\/comments?post=9656"}],"wp:featuredmedia":[{"embeddable":true,"href":"https:\/\/luba.de\/en\/wp-json\/wp\/v2\/media\/11528"}],"wp:attachment":[{"href":"https:\/\/luba.de\/en\/wp-json\/wp\/v2\/media?parent=9656"}],"wp:term":[{"taxonomy":"pwb-brand","embeddable":true,"href":"https:\/\/luba.de\/en\/wp-json\/wp\/v2\/pwb-brand?post=9656"},{"taxonomy":"product_brand","embeddable":true,"href":"https:\/\/luba.de\/en\/wp-json\/wp\/v2\/product_brand?post=9656"},{"taxonomy":"product_cat","embeddable":true,"href":"https:\/\/luba.de\/en\/wp-json\/wp\/v2\/product_cat?post=9656"},{"taxonomy":"product_tag","embeddable":true,"href":"https:\/\/luba.de\/en\/wp-json\/wp\/v2\/product_tag?post=9656"}],"curies":[{"name":"wp","href":"https:\/\/api.w.org\/{rel}","templated":true}]}}