{"id":9674,"date":"2020-03-14T10:11:43","date_gmt":"2020-03-14T09:11:43","guid":{"rendered":"https:\/\/luba.de\/product\/kircher-milchallergie-und-laktosenintoleranz\/"},"modified":"2025-10-11T23:27:41","modified_gmt":"2025-10-11T21:27:41","slug":"kircher-milchallergie-und-laktosenintoleranz","status":"publish","type":"product","link":"https:\/\/luba.de\/en\/kircher-milchallergie-und-laktosenintoleranz\/","title":{"rendered":"Milchallergie und Laktosenintoleranz"},"content":{"rendered":"<p>Von einer Betroffenen f\u00fcr Betroffene: praxisnahe Information der Heilpraktikerin Nora Kircher f\u00fcr Patienten mit vielen Rezepten und Tipps f\u00fcr den Alltag.<br \/>\nNeben aktuellen Informationen zur Milchallergie und Laktoseintoleranz sowie medizinischen Erkl\u00e4rungen bietet das Buch Einkaufsvorschl\u00e4ge, warenkundliche Hinweise, viele Rezepte und n\u00fctzliche Adressen (u.a. Selbsthilfegruppen oder spezialisierte Bezugsquellen) sowie Tipps f\u00fcr den Urlaub.<br \/>\nAbwechslungsreiche Rezepte nehmen dem Leser die Scheu vor neuen, noch unbekannten Lebensmitteln und praxisorientierte Hinweise, vor allem auch f\u00fcr die Ern\u00e4hrung von Kindern, erleichtern das Leben.<\/p>\n","protected":false},"excerpt":{"rendered":"<p>Von einer Betroffenen f\u00fcr Betroffene: praxisnahe Information der Heilpraktikerin Nora Kircher f\u00fcr Patienten mit vielen Rezepten und Tipps f\u00fcr den Alltag. Neben aktuellen Informationen zur Milchallergie und Laktoseintoleranz sowie medizinischen Erkl\u00e4rungen bietet das Buch Einkaufsvorschl\u00e4ge, warenkundliche Hinweise, viele Rezepte und n\u00fctzliche Adressen (u.a. Selbsthilfegruppen oder spezialisierte Bezugsquellen) sowie Tipps f\u00fcr den Urlaub. Abwechslungsreiche Rezepte nehmen [&#8230;]\n","protected":false},"featured_media":21018,"comment_status":"closed","ping_status":"closed","template":"","meta":{"_acf_changed":false},"pwb-brand":[1142],"product_brand":[],"product_cat":[1072],"product_tag":[1068],"class_list":{"0":"post-9674","1":"product","2":"type-product","3":"status-publish","4":"has-post-thumbnail","6":"pwb-brand-gesundheitsschmide-en","7":"product_cat-health","8":"product_tag-kochkrankheiten-en","10":"first","11":"instock","12":"taxable","13":"shipping-taxable","14":"purchasable","15":"product-type-simple"},"bundled_by":[],"bundle_stock_status":"instock","bundle_stock_quantity":4,"bundle_virtual":false,"bundle_layout":"","bundle_add_to_cart_form_location":"","bundle_editable_in_cart":false,"bundle_sold_individually_context":"","bundle_item_grouping":"","bundle_min_size":"","bundle_max_size":"","bundle_price":[],"bundled_items":[],"bundle_sell_ids":[],"exclude_global_add_ons":[],"addons":[],"acf":[],"brands":[{"id":1142,"name":"GesundheitsSchmide","slug":"gesundheitsschmide-en"}],"_links":{"self":[{"href":"https:\/\/luba.de\/en\/wp-json\/wp\/v2\/product\/9674","targetHints":{"allow":["GET"]}}],"collection":[{"href":"https:\/\/luba.de\/en\/wp-json\/wp\/v2\/product"}],"about":[{"href":"https:\/\/luba.de\/en\/wp-json\/wp\/v2\/types\/product"}],"replies":[{"embeddable":true,"href":"https:\/\/luba.de\/en\/wp-json\/wp\/v2\/comments?post=9674"}],"wp:featuredmedia":[{"embeddable":true,"href":"https:\/\/luba.de\/en\/wp-json\/wp\/v2\/media\/21018"}],"wp:attachment":[{"href":"https:\/\/luba.de\/en\/wp-json\/wp\/v2\/media?parent=9674"}],"wp:term":[{"taxonomy":"pwb-brand","embeddable":true,"href":"https:\/\/luba.de\/en\/wp-json\/wp\/v2\/pwb-brand?post=9674"},{"taxonomy":"product_brand","embeddable":true,"href":"https:\/\/luba.de\/en\/wp-json\/wp\/v2\/product_brand?post=9674"},{"taxonomy":"product_cat","embeddable":true,"href":"https:\/\/luba.de\/en\/wp-json\/wp\/v2\/product_cat?post=9674"},{"taxonomy":"product_tag","embeddable":true,"href":"https:\/\/luba.de\/en\/wp-json\/wp\/v2\/product_tag?post=9674"}],"curies":[{"name":"wp","href":"https:\/\/api.w.org\/{rel}","templated":true}]}}