{"id":9684,"date":"2020-03-14T10:11:43","date_gmt":"2020-03-14T09:11:43","guid":{"rendered":"https:\/\/luba.de\/product\/noecker-das-grosse-buch-der-sprossen-und-keime\/"},"modified":"2026-03-11T11:38:53","modified_gmt":"2026-03-11T10:38:53","slug":"noecker-das-grosse-buch-der-sprossen-und-keime","status":"publish","type":"product","link":"https:\/\/luba.de\/en\/noecker-das-grosse-buch-der-sprossen-und-keime\/","title":{"rendered":"Das gro\u00dfe Buch der Sprossen und Keime"},"content":{"rendered":"<h2>Das gro\u00dfe Buch der Sprossen und Keime von Rose-Marie N\u00f6cker<\/h2>\n<p>Dieses Grundlagenwerk liefert in Wort und Bild pr\u00e4zise Arbeitsanweisungen. Rose-Marie N\u00f6cker vermittelt Geschichte, Heilnutzen und Rezepte. Joop Greypink h\u00e4lt die Entwicklung vom Samen zu Spro\u00df und Gr\u00fcnkraut in einzigartigen Fotos fest. So w\u00e4chst der Zimmergarten kinderleicht.<\/p>\n<ul>\n<li>Sprossen &#8211; erntefrische K\u00f6stlichkeiten<\/li>\n<li><span style=\"color: #555555;\">Sprossen &#8211; h\u00f6chste Lebensmittelqualit\u00e4t<\/span><\/li>\n<li><span style=\"color: #555555;\">Sprossen &#8211; preiswert und saisonunabh\u00e4ngig<\/span><\/li>\n<li><span style=\"color: #555555;\">Sprossen &#8211; f\u00fcr Gesundheit und Sch\u00f6nheit<\/span><\/li>\n<\/ul>\n<p><span style=\"color: #555555;\">Ein Naturbuch, Gesundheitsbuch und Rezeptbuch in einem.<br \/>\nMit vielen Rezepten und Farbfotos.<\/span><\/p>\n","protected":false},"excerpt":{"rendered":"<p>Das gro\u00dfe Buch der Sprossen und Keime von Rose-Marie N\u00f6cker Dieses Grundlagenwerk liefert in Wort und Bild pr\u00e4zise Arbeitsanweisungen. Rose-Marie N\u00f6cker vermittelt Geschichte, Heilnutzen und Rezepte. Joop Greypink h\u00e4lt die Entwicklung vom Samen zu Spro\u00df und Gr\u00fcnkraut in einzigartigen Fotos fest. So w\u00e4chst der Zimmergarten kinderleicht. Sprossen &#8211; erntefrische K\u00f6stlichkeiten Sprossen &#8211; h\u00f6chste Lebensmittelqualit\u00e4t Sprossen [&#8230;]\n","protected":false},"featured_media":14904,"comment_status":"closed","ping_status":"closed","template":"","meta":{"_acf_changed":false},"pwb-brand":[1151],"product_brand":[],"product_cat":[905,1003],"product_tag":[],"class_list":{"0":"post-9684","1":"product","2":"type-product","3":"status-publish","4":"has-post-thumbnail","6":"pwb-brand-heyne-en","7":"product_cat-books","8":"product_cat-germs-and-sprouts","10":"first","11":"instock","12":"taxable","13":"shipping-taxable","14":"purchasable","15":"product-type-simple"},"bundled_by":[],"bundle_stock_status":"instock","bundle_stock_quantity":61,"bundle_virtual":false,"bundle_layout":"","bundle_add_to_cart_form_location":"","bundle_editable_in_cart":false,"bundle_sold_individually_context":"","bundle_item_grouping":"","bundle_min_size":"","bundle_max_size":"","bundle_price":[],"bundled_items":[],"bundle_sell_ids":[],"exclude_global_add_ons":[],"addons":[],"acf":[],"brands":[{"id":1151,"name":"Heyne","slug":"heyne-en"}],"_links":{"self":[{"href":"https:\/\/luba.de\/en\/wp-json\/wp\/v2\/product\/9684","targetHints":{"allow":["GET"]}}],"collection":[{"href":"https:\/\/luba.de\/en\/wp-json\/wp\/v2\/product"}],"about":[{"href":"https:\/\/luba.de\/en\/wp-json\/wp\/v2\/types\/product"}],"replies":[{"embeddable":true,"href":"https:\/\/luba.de\/en\/wp-json\/wp\/v2\/comments?post=9684"}],"wp:featuredmedia":[{"embeddable":true,"href":"https:\/\/luba.de\/en\/wp-json\/wp\/v2\/media\/14904"}],"wp:attachment":[{"href":"https:\/\/luba.de\/en\/wp-json\/wp\/v2\/media?parent=9684"}],"wp:term":[{"taxonomy":"pwb-brand","embeddable":true,"href":"https:\/\/luba.de\/en\/wp-json\/wp\/v2\/pwb-brand?post=9684"},{"taxonomy":"product_brand","embeddable":true,"href":"https:\/\/luba.de\/en\/wp-json\/wp\/v2\/product_brand?post=9684"},{"taxonomy":"product_cat","embeddable":true,"href":"https:\/\/luba.de\/en\/wp-json\/wp\/v2\/product_cat?post=9684"},{"taxonomy":"product_tag","embeddable":true,"href":"https:\/\/luba.de\/en\/wp-json\/wp\/v2\/product_tag?post=9684"}],"curies":[{"name":"wp","href":"https:\/\/api.w.org\/{rel}","templated":true}]}}