{"id":9710,"date":"2020-03-14T10:11:23","date_gmt":"2020-03-14T09:11:23","guid":{"rendered":"https:\/\/luba.de\/product\/dumonts-kleines-gewuerz-lexikon\/"},"modified":"2025-10-11T23:27:14","modified_gmt":"2025-10-11T21:27:14","slug":"dumonts-kleines-gewuerz-lexikon","status":"publish","type":"product","link":"https:\/\/luba.de\/en\/dumonts-kleines-gewuerz-lexikon\/","title":{"rendered":"Dumonts kleines Gew\u00fcrzlexikon"},"content":{"rendered":"<p>Die ganze Welt der Gew\u00fcrze &#8211; Herkunft, Verwendung, Rezepte. Lexikon, Kochbuch und Nachschlagewerk in einem. Ein Wegweiser durch das umfangreiche Angebot: alle Gew\u00fcrze von A bis Z. Geschichte, Herkunft und ausf\u00fchrliche Beschreibungen. Geschmack, D\u00fcfte und Aromen sowie Hinweise zur Verwendung. Tolle Rezepte f\u00fcr herzhafte und s\u00fc\u00dfe Speisen.<\/p>\n<p>Der &#8220;Gew\u00fcrzklotz&#8221; im handlichen Format.<\/p>\n","protected":false},"excerpt":{"rendered":"<p>Die ganze Welt der Gew\u00fcrze &#8211; Herkunft, Verwendung, Rezepte. Lexikon, Kochbuch und Nachschlagewerk in einem. Ein Wegweiser durch das umfangreiche Angebot: alle Gew\u00fcrze von A bis Z. Geschichte, Herkunft und ausf\u00fchrliche Beschreibungen. Geschmack, D\u00fcfte und Aromen sowie Hinweise zur Verwendung. Tolle Rezepte f\u00fcr herzhafte und s\u00fc\u00dfe Speisen. Der &#8220;Gew\u00fcrzklotz&#8221; im handlichen Format.<\/p>\n","protected":false},"featured_media":14990,"comment_status":"closed","ping_status":"closed","template":"","meta":{"_acf_changed":false},"pwb-brand":[1134],"product_brand":[],"product_cat":[905,1079,1004],"product_tag":[1495],"class_list":{"0":"post-9710","1":"product","2":"type-product","3":"status-publish","4":"has-post-thumbnail","6":"pwb-brand-doerfler-en","7":"product_cat-books","8":"product_cat-dictionary","9":"product_cat-technical-literature","10":"product_tag-anne-iburg-en","12":"first","13":"instock","14":"taxable","15":"shipping-taxable","16":"purchasable","17":"product-type-simple"},"bundled_by":[],"bundle_stock_status":"instock","bundle_stock_quantity":1,"bundle_virtual":false,"bundle_layout":"","bundle_add_to_cart_form_location":"","bundle_editable_in_cart":false,"bundle_sold_individually_context":"","bundle_item_grouping":"","bundle_min_size":"","bundle_max_size":"","bundle_price":[],"bundled_items":[],"bundle_sell_ids":[],"exclude_global_add_ons":[],"addons":[],"acf":[],"brands":[{"id":1134,"name":"D\u00f6rfler","slug":"doerfler-en"}],"_links":{"self":[{"href":"https:\/\/luba.de\/en\/wp-json\/wp\/v2\/product\/9710","targetHints":{"allow":["GET"]}}],"collection":[{"href":"https:\/\/luba.de\/en\/wp-json\/wp\/v2\/product"}],"about":[{"href":"https:\/\/luba.de\/en\/wp-json\/wp\/v2\/types\/product"}],"replies":[{"embeddable":true,"href":"https:\/\/luba.de\/en\/wp-json\/wp\/v2\/comments?post=9710"}],"wp:featuredmedia":[{"embeddable":true,"href":"https:\/\/luba.de\/en\/wp-json\/wp\/v2\/media\/14990"}],"wp:attachment":[{"href":"https:\/\/luba.de\/en\/wp-json\/wp\/v2\/media?parent=9710"}],"wp:term":[{"taxonomy":"pwb-brand","embeddable":true,"href":"https:\/\/luba.de\/en\/wp-json\/wp\/v2\/pwb-brand?post=9710"},{"taxonomy":"product_brand","embeddable":true,"href":"https:\/\/luba.de\/en\/wp-json\/wp\/v2\/product_brand?post=9710"},{"taxonomy":"product_cat","embeddable":true,"href":"https:\/\/luba.de\/en\/wp-json\/wp\/v2\/product_cat?post=9710"},{"taxonomy":"product_tag","embeddable":true,"href":"https:\/\/luba.de\/en\/wp-json\/wp\/v2\/product_tag?post=9710"}],"curies":[{"name":"wp","href":"https:\/\/api.w.org\/{rel}","templated":true}]}}