{"id":9712,"date":"2020-03-14T10:11:23","date_gmt":"2020-03-14T09:11:23","guid":{"rendered":"https:\/\/luba.de\/product\/dumonts-kleines-lexikon-essig-oel\/"},"modified":"2024-08-08T11:23:49","modified_gmt":"2024-08-08T09:23:49","slug":"dumonts-kleines-lexikon-essig-oel","status":"publish","type":"product","link":"https:\/\/luba.de\/en\/dumonts-kleines-lexikon-essig-oel\/","title":{"rendered":"Dumonts kleines Lexikon Essig &#038; \u00d6l"},"content":{"rendered":"<h2>DIE BEKANNTESTEN ESSIGE UND \u00d6LE VON A-Z IM PORTR\u00c4T<\/h2>\n<p>Alles \u00fcber Geschichte, Herstellung, Inhaltsstoffe und Besonderheiten; Essig &amp; \u00d6l in der K\u00fcche &#8211; Geschmack, Verwendung, Einkauf und Lagerung; Mit vielen klassischen und neuen Rezepten; Essig &amp; \u00d6l im Haushalt; Wie Sie Essige und \u00d6le selbst ansetzen k\u00f6nnen<\/p>\n","protected":false},"excerpt":{"rendered":"<p>DIE BEKANNTESTEN ESSIGE UND \u00d6LE VON A-Z IM PORTR\u00c4T Alles \u00fcber Geschichte, Herstellung, Inhaltsstoffe und Besonderheiten; Essig &amp; \u00d6l in der K\u00fcche &#8211; Geschmack, Verwendung, Einkauf und Lagerung; Mit vielen klassischen und neuen Rezepten; Essig &amp; \u00d6l im Haushalt; Wie Sie Essige und \u00d6le selbst ansetzen k\u00f6nnen<\/p>\n","protected":false},"featured_media":0,"comment_status":"closed","ping_status":"closed","template":"","meta":{"_acf_changed":false},"pwb-brand":[],"product_brand":[],"product_cat":[],"product_tag":[],"class_list":{"0":"post-9712","1":"product","2":"type-product","3":"status-publish","6":"first","7":"outofstock","8":"taxable","9":"shipping-taxable","10":"purchasable","11":"product-type-simple"},"bundled_by":[],"bundle_stock_status":"outofstock","bundle_stock_quantity":0,"bundle_virtual":false,"bundle_layout":"","bundle_add_to_cart_form_location":"","bundle_editable_in_cart":false,"bundle_sold_individually_context":"","bundle_item_grouping":"","bundle_min_size":"","bundle_max_size":"","bundle_price":[],"bundled_items":[],"bundle_sell_ids":[],"exclude_global_add_ons":[],"addons":[],"acf":[],"brands":[],"_links":{"self":[{"href":"https:\/\/luba.de\/en\/wp-json\/wp\/v2\/product\/9712","targetHints":{"allow":["GET"]}}],"collection":[{"href":"https:\/\/luba.de\/en\/wp-json\/wp\/v2\/product"}],"about":[{"href":"https:\/\/luba.de\/en\/wp-json\/wp\/v2\/types\/product"}],"replies":[{"embeddable":true,"href":"https:\/\/luba.de\/en\/wp-json\/wp\/v2\/comments?post=9712"}],"wp:attachment":[{"href":"https:\/\/luba.de\/en\/wp-json\/wp\/v2\/media?parent=9712"}],"wp:term":[{"taxonomy":"pwb-brand","embeddable":true,"href":"https:\/\/luba.de\/en\/wp-json\/wp\/v2\/pwb-brand?post=9712"},{"taxonomy":"product_brand","embeddable":true,"href":"https:\/\/luba.de\/en\/wp-json\/wp\/v2\/product_brand?post=9712"},{"taxonomy":"product_cat","embeddable":true,"href":"https:\/\/luba.de\/en\/wp-json\/wp\/v2\/product_cat?post=9712"},{"taxonomy":"product_tag","embeddable":true,"href":"https:\/\/luba.de\/en\/wp-json\/wp\/v2\/product_tag?post=9712"}],"curies":[{"name":"wp","href":"https:\/\/api.w.org\/{rel}","templated":true}]}}