{"id":9718,"date":"2020-03-14T10:11:23","date_gmt":"2020-03-14T09:11:23","guid":{"rendered":"https:\/\/luba.de\/product\/dumonts-kleines-pasta-lexikon\/"},"modified":"2025-10-11T23:27:17","modified_gmt":"2025-10-11T21:27:17","slug":"dumonts-kleines-pasta-lexikon","status":"publish","type":"product","link":"https:\/\/luba.de\/en\/dumonts-kleines-pasta-lexikon\/","title":{"rendered":"Dumonts kleines Pasta-Lexikon"},"content":{"rendered":"<p>Eine kleine Liebeserkl\u00e4rung an die Nudel &#8211; viel mehr als nur ein Kochbuch &#8211; &#8211; Alles \u00fcber die Nudel &#8211; ihre Bedeutung in der Cucina Italiana, ihreMythen und Geschichte- Wissenswertes \u00fcber die Herstellung, angefangen beim Teig \u00fcber die beste Zubereitung frischer Nudeln zu Hause- \u00dcberblick \u00fcber die vielf\u00e4ltigen Sorten im Kleinen Pasta-ABC- Tipps rund ums Kochen, Servieren, Essen und Aufbewahren- Die Klassiker der Nudelrezepte, aber auch regionale Spezialit\u00e4ten und Nudeln aus aller Welt-<\/p>\n","protected":false},"excerpt":{"rendered":"<p>Eine kleine Liebeserkl\u00e4rung an die Nudel &#8211; viel mehr als nur ein Kochbuch &#8211; &#8211; Alles \u00fcber die Nudel &#8211; ihre Bedeutung in der Cucina Italiana, ihreMythen und Geschichte- Wissenswertes \u00fcber die Herstellung, angefangen beim Teig \u00fcber die beste Zubereitung frischer Nudeln zu Hause- \u00dcberblick \u00fcber die vielf\u00e4ltigen Sorten im Kleinen Pasta-ABC- Tipps rund ums [&#8230;]\n","protected":false},"featured_media":21014,"comment_status":"closed","ping_status":"closed","template":"","meta":{"_acf_changed":false},"pwb-brand":[1134],"product_brand":[],"product_cat":[1004],"product_tag":[1080],"class_list":{"0":"post-9718","1":"product","2":"type-product","3":"status-publish","4":"has-post-thumbnail","6":"pwb-brand-doerfler-en","7":"product_cat-technical-literature","8":"product_tag-fachbuch-en","10":"first","11":"instock","12":"taxable","13":"shipping-taxable","14":"purchasable","15":"product-type-simple"},"bundled_by":[],"bundle_stock_status":"instock","bundle_stock_quantity":2,"bundle_virtual":false,"bundle_layout":"","bundle_add_to_cart_form_location":"","bundle_editable_in_cart":false,"bundle_sold_individually_context":"","bundle_item_grouping":"","bundle_min_size":"","bundle_max_size":"","bundle_price":[],"bundled_items":[],"bundle_sell_ids":[],"exclude_global_add_ons":[],"addons":[],"acf":[],"brands":[{"id":1134,"name":"D\u00f6rfler","slug":"doerfler-en"}],"_links":{"self":[{"href":"https:\/\/luba.de\/en\/wp-json\/wp\/v2\/product\/9718","targetHints":{"allow":["GET"]}}],"collection":[{"href":"https:\/\/luba.de\/en\/wp-json\/wp\/v2\/product"}],"about":[{"href":"https:\/\/luba.de\/en\/wp-json\/wp\/v2\/types\/product"}],"replies":[{"embeddable":true,"href":"https:\/\/luba.de\/en\/wp-json\/wp\/v2\/comments?post=9718"}],"wp:featuredmedia":[{"embeddable":true,"href":"https:\/\/luba.de\/en\/wp-json\/wp\/v2\/media\/21014"}],"wp:attachment":[{"href":"https:\/\/luba.de\/en\/wp-json\/wp\/v2\/media?parent=9718"}],"wp:term":[{"taxonomy":"pwb-brand","embeddable":true,"href":"https:\/\/luba.de\/en\/wp-json\/wp\/v2\/pwb-brand?post=9718"},{"taxonomy":"product_brand","embeddable":true,"href":"https:\/\/luba.de\/en\/wp-json\/wp\/v2\/product_brand?post=9718"},{"taxonomy":"product_cat","embeddable":true,"href":"https:\/\/luba.de\/en\/wp-json\/wp\/v2\/product_cat?post=9718"},{"taxonomy":"product_tag","embeddable":true,"href":"https:\/\/luba.de\/en\/wp-json\/wp\/v2\/product_tag?post=9718"}],"curies":[{"name":"wp","href":"https:\/\/api.w.org\/{rel}","templated":true}]}}