{"id":9724,"date":"2020-03-14T10:11:23","date_gmt":"2020-03-14T09:11:23","guid":{"rendered":"https:\/\/luba.de\/product\/fahrig-die-leichte-tofu-kueche\/"},"modified":"2025-10-11T23:27:26","modified_gmt":"2025-10-11T21:27:26","slug":"fahrig-die-leichte-tofu-kueche","status":"publish","type":"product","link":"https:\/\/luba.de\/en\/fahrig-die-leichte-tofu-kueche\/","title":{"rendered":"Die leichte Tofu-K\u00fcche"},"content":{"rendered":"<p>\u00dcber 70 leckere und bek\u00f6mmliche Tofurezepte<br \/>\nSchnell und leicht in der Zubereitung.<br \/>\nDieses Kochbuch spricht die Sprache vieler.<br \/>\nEs ist angef\u00fcllt mit Rezepten von Verbrauchern f\u00fcr Verbraucher. Viel Spa\u00df beim Ausprobieren!<br \/>\nEs hilft dem Einsteiger, der bisher nicht wusste, was er mit Tofu \u00fcberhaupt anfangen soll.<br \/>\nEs begeistert durch die Leichtigkeit der Anwendung.<br \/>\nEs bietet erfahrenen Tofuk\u00f6chen und -k\u00f6chinnen neue abwechslungsreiche Rezepte.<br \/>\nUnd es ist f\u00fcr alle, die Spa\u00df an einer gesunden und ausgewogenen Ern\u00e4hrung haben.<\/p>\n","protected":false},"excerpt":{"rendered":"<p>\u00dcber 70 leckere und bek\u00f6mmliche Tofurezepte Schnell und leicht in der Zubereitung. Dieses Kochbuch spricht die Sprache vieler. Es ist angef\u00fcllt mit Rezepten von Verbrauchern f\u00fcr Verbraucher. Viel Spa\u00df beim Ausprobieren! Es hilft dem Einsteiger, der bisher nicht wusste, was er mit Tofu \u00fcberhaupt anfangen soll. Es begeistert durch die Leichtigkeit der Anwendung. Es bietet [&#8230;]\n","protected":false},"featured_media":23988,"comment_status":"closed","ping_status":"closed","template":"","meta":{"_acf_changed":false},"pwb-brand":[1136],"product_brand":[],"product_cat":[988],"product_tag":[1081],"class_list":{"0":"post-9724","1":"product","2":"type-product","3":"status-publish","4":"has-post-thumbnail","6":"pwb-brand-swadesha-en","7":"product_cat-recipes","8":"product_tag-international-en","10":"first","11":"instock","12":"taxable","13":"shipping-taxable","14":"purchasable","15":"product-type-simple"},"bundled_by":[],"bundle_stock_status":"instock","bundle_stock_quantity":7,"bundle_virtual":false,"bundle_layout":"","bundle_add_to_cart_form_location":"","bundle_editable_in_cart":false,"bundle_sold_individually_context":"","bundle_item_grouping":"","bundle_min_size":"","bundle_max_size":"","bundle_price":[],"bundled_items":[],"bundle_sell_ids":[],"exclude_global_add_ons":[],"addons":[],"acf":[],"brands":[{"id":1136,"name":"Swadesha","slug":"swadesha-en"}],"_links":{"self":[{"href":"https:\/\/luba.de\/en\/wp-json\/wp\/v2\/product\/9724","targetHints":{"allow":["GET"]}}],"collection":[{"href":"https:\/\/luba.de\/en\/wp-json\/wp\/v2\/product"}],"about":[{"href":"https:\/\/luba.de\/en\/wp-json\/wp\/v2\/types\/product"}],"replies":[{"embeddable":true,"href":"https:\/\/luba.de\/en\/wp-json\/wp\/v2\/comments?post=9724"}],"wp:featuredmedia":[{"embeddable":true,"href":"https:\/\/luba.de\/en\/wp-json\/wp\/v2\/media\/23988"}],"wp:attachment":[{"href":"https:\/\/luba.de\/en\/wp-json\/wp\/v2\/media?parent=9724"}],"wp:term":[{"taxonomy":"pwb-brand","embeddable":true,"href":"https:\/\/luba.de\/en\/wp-json\/wp\/v2\/pwb-brand?post=9724"},{"taxonomy":"product_brand","embeddable":true,"href":"https:\/\/luba.de\/en\/wp-json\/wp\/v2\/product_brand?post=9724"},{"taxonomy":"product_cat","embeddable":true,"href":"https:\/\/luba.de\/en\/wp-json\/wp\/v2\/product_cat?post=9724"},{"taxonomy":"product_tag","embeddable":true,"href":"https:\/\/luba.de\/en\/wp-json\/wp\/v2\/product_tag?post=9724"}],"curies":[{"name":"wp","href":"https:\/\/api.w.org\/{rel}","templated":true}]}}