{"id":9728,"date":"2020-03-14T10:11:23","date_gmt":"2020-03-14T09:11:23","guid":{"rendered":"https:\/\/luba.de\/product\/gronau-frische-flocken\/"},"modified":"2026-04-02T15:23:49","modified_gmt":"2026-04-02T13:23:49","slug":"gronau-frische-flocken","status":"publish","type":"product","link":"https:\/\/luba.de\/en\/gronau-frische-flocken\/","title":{"rendered":"Frische Flocken"},"content":{"rendered":"<h2>Frische Flocken von Hermine Gronau<\/h2>\n<p>Neben dem allseits beliebten Hafer und Roggen l\u00e4sst sich eine Vielzahl von anderen Getreidearten zu feinen Suppen, s\u00fc\u00dfen und pikanten Hauptgerichten, leckeren Desserts und schmackhaften Mix-Getr\u00e4nken verarbeiten.<\/p>\n<p>Mit mehr als 40 Rezepten wird veranschaulicht, dass der Genuss von frischen Getreideflocken beim Fr\u00fchst\u00fcck erst der Anfang ist.<\/p>\n<p>Autor: Hermine Gronau<br \/>\nBindung: Broschiert &#8211; 56 Seiten &#8211; Schnitzer, Offenburg<\/p>\n","protected":false},"excerpt":{"rendered":"<p>Frische Flocken von Hermine Gronau Neben dem allseits beliebten Hafer und Roggen l\u00e4sst sich eine Vielzahl von anderen Getreidearten zu feinen Suppen, s\u00fc\u00dfen und pikanten Hauptgerichten, leckeren Desserts und schmackhaften Mix-Getr\u00e4nken verarbeiten. Mit mehr als 40 Rezepten wird veranschaulicht, dass der Genuss von frischen Getreideflocken beim Fr\u00fchst\u00fcck erst der Anfang ist. Autor: Hermine Gronau Bindung: [&#8230;]\n","protected":false},"featured_media":16853,"comment_status":"closed","ping_status":"closed","template":"","meta":{"_acf_changed":false},"pwb-brand":[1138],"product_brand":[],"product_cat":[905,988],"product_tag":[],"class_list":{"0":"post-9728","1":"product","2":"type-product","3":"status-publish","4":"has-post-thumbnail","6":"pwb-brand-schnitzer-en","7":"product_cat-books","8":"product_cat-recipes","10":"first","11":"instock","12":"taxable","13":"shipping-taxable","14":"purchasable","15":"product-type-simple"},"bundled_by":[],"bundle_stock_status":"instock","bundle_stock_quantity":100,"bundle_virtual":false,"bundle_layout":"","bundle_add_to_cart_form_location":"","bundle_editable_in_cart":false,"bundle_sold_individually_context":"","bundle_item_grouping":"","bundle_min_size":"","bundle_max_size":"","bundle_price":[],"bundled_items":[],"bundle_sell_ids":[],"exclude_global_add_ons":[],"addons":[],"acf":[],"brands":[{"id":1138,"name":"Schnitzer","slug":"schnitzer-en"}],"_links":{"self":[{"href":"https:\/\/luba.de\/en\/wp-json\/wp\/v2\/product\/9728","targetHints":{"allow":["GET"]}}],"collection":[{"href":"https:\/\/luba.de\/en\/wp-json\/wp\/v2\/product"}],"about":[{"href":"https:\/\/luba.de\/en\/wp-json\/wp\/v2\/types\/product"}],"replies":[{"embeddable":true,"href":"https:\/\/luba.de\/en\/wp-json\/wp\/v2\/comments?post=9728"}],"wp:featuredmedia":[{"embeddable":true,"href":"https:\/\/luba.de\/en\/wp-json\/wp\/v2\/media\/16853"}],"wp:attachment":[{"href":"https:\/\/luba.de\/en\/wp-json\/wp\/v2\/media?parent=9728"}],"wp:term":[{"taxonomy":"pwb-brand","embeddable":true,"href":"https:\/\/luba.de\/en\/wp-json\/wp\/v2\/pwb-brand?post=9728"},{"taxonomy":"product_brand","embeddable":true,"href":"https:\/\/luba.de\/en\/wp-json\/wp\/v2\/product_brand?post=9728"},{"taxonomy":"product_cat","embeddable":true,"href":"https:\/\/luba.de\/en\/wp-json\/wp\/v2\/product_cat?post=9728"},{"taxonomy":"product_tag","embeddable":true,"href":"https:\/\/luba.de\/en\/wp-json\/wp\/v2\/product_tag?post=9728"}],"curies":[{"name":"wp","href":"https:\/\/api.w.org\/{rel}","templated":true}]}}