{"id":9742,"date":"2020-03-14T10:11:23","date_gmt":"2020-03-14T09:11:23","guid":{"rendered":"https:\/\/luba.de\/product\/gutjahr-richter-brot-backen\/"},"modified":"2026-03-18T10:24:05","modified_gmt":"2026-03-18T09:24:05","slug":"gutjahr-richter-brot-backen","status":"publish","type":"product","link":"https:\/\/luba.de\/en\/gutjahr-richter-brot-backen\/","title":{"rendered":"Brot backen &#8211; Gutjahr\/Richter"},"content":{"rendered":"<h2>&#8220;Brot backen &#8211; Gutjahr\/Richter&#8221;<\/h2>\n<p>Brot backen macht Spa\u00df! Die Handhabung von Natursauerteig und Hefeteig ist im Grunde kinderleicht. Mit den richtigen Zutaten und bei der richtigen Temperatur k\u00fcmmert sich der Teig um sich selbst \u2013 Sie m\u00fcssen ihm dann nur noch etwas einheizen! Und wenn Sie am Ende das selbst hergestellte Brot genie\u00dfen, wissen Sie sogar, was drin ist. Der Genuss von frischem Brot oder Br\u00f6tchen wird erst perfekt durch einen k\u00f6stlichen Aufstrich: Am Ende dieses Buches finden Sie in 16 neuen Rezepten leckere und gesunde Alternativen zum \u00fcblichen K\u00e4se\u2013Wurst\u2013Marmelade\u2013Einerlei.<\/p>\n<p>Autor. Ilse Gutjahr\/Erika Richter<br \/>\nISBN: 9783891891131<br \/>\n112 Seiten, Klappenbroschur<br \/>\n9. Auflage 2020<\/p>\n","protected":false},"excerpt":{"rendered":"<p>112 Seiten, Klappenbroschur<br \/>\n9. Auflage 2020<\/p>\n","protected":false},"featured_media":19432,"comment_status":"closed","ping_status":"closed","template":"","meta":{"_acf_changed":false},"pwb-brand":[1128],"product_brand":[],"product_cat":[1012,905,988],"product_tag":[],"class_list":{"0":"post-9742","1":"product","2":"type-product","3":"status-publish","4":"has-post-thumbnail","6":"pwb-brand-emu-en","7":"product_cat-baking-wholemeal","8":"product_cat-books","9":"product_cat-recipes","11":"first","12":"instock","13":"taxable","14":"shipping-taxable","15":"purchasable","16":"product-type-simple"},"bundled_by":[],"bundle_stock_status":"instock","bundle_stock_quantity":16,"bundle_virtual":false,"bundle_layout":"","bundle_add_to_cart_form_location":"","bundle_editable_in_cart":false,"bundle_sold_individually_context":"","bundle_item_grouping":"","bundle_min_size":"","bundle_max_size":"","bundle_price":[],"bundled_items":[],"bundle_sell_ids":[],"exclude_global_add_ons":[],"addons":[],"acf":[],"brands":[{"id":1128,"name":"emu","slug":"emu-en"}],"_links":{"self":[{"href":"https:\/\/luba.de\/en\/wp-json\/wp\/v2\/product\/9742","targetHints":{"allow":["GET"]}}],"collection":[{"href":"https:\/\/luba.de\/en\/wp-json\/wp\/v2\/product"}],"about":[{"href":"https:\/\/luba.de\/en\/wp-json\/wp\/v2\/types\/product"}],"replies":[{"embeddable":true,"href":"https:\/\/luba.de\/en\/wp-json\/wp\/v2\/comments?post=9742"}],"wp:featuredmedia":[{"embeddable":true,"href":"https:\/\/luba.de\/en\/wp-json\/wp\/v2\/media\/19432"}],"wp:attachment":[{"href":"https:\/\/luba.de\/en\/wp-json\/wp\/v2\/media?parent=9742"}],"wp:term":[{"taxonomy":"pwb-brand","embeddable":true,"href":"https:\/\/luba.de\/en\/wp-json\/wp\/v2\/pwb-brand?post=9742"},{"taxonomy":"product_brand","embeddable":true,"href":"https:\/\/luba.de\/en\/wp-json\/wp\/v2\/product_brand?post=9742"},{"taxonomy":"product_cat","embeddable":true,"href":"https:\/\/luba.de\/en\/wp-json\/wp\/v2\/product_cat?post=9742"},{"taxonomy":"product_tag","embeddable":true,"href":"https:\/\/luba.de\/en\/wp-json\/wp\/v2\/product_tag?post=9742"}],"curies":[{"name":"wp","href":"https:\/\/api.w.org\/{rel}","templated":true}]}}