{"id":9752,"date":"2020-03-14T10:11:09","date_gmt":"2020-03-14T09:11:09","guid":{"rendered":"https:\/\/luba.de\/product\/dr-bruker-herzinfarkt-ursache-verhuetung\/"},"modified":"2025-10-11T23:26:56","modified_gmt":"2025-10-11T21:26:56","slug":"herzinfarkt-herz-gefaess-und-kreislaufkrankheiten","status":"publish","type":"product","link":"https:\/\/luba.de\/en\/herzinfarkt-herz-gefaess-und-kreislaufkrankheiten\/","title":{"rendered":"Herzinfarkt. Herz-, Gef\u00e4\u00df- und Kreislaufkrankheiten"},"content":{"rendered":"<p>Herz- und Kreislauftote stehen nach wie vor an erster Stelle der Todesstatistik, obwohl von offizieller Seite seit Jahrzehnten Aufkl\u00e4rung betrieben wird.<br \/>\nIn diesem Buch erfahren Sie alles \u00fcber die wahren Ursachen von Herz-, Gef\u00e4\u00df- und Kreislauferkrankungen<br \/>\nDer Autor: &#8220;Solange die Bev\u00f6lkerung die richtige Information vorenthalten und von Interessengruppen verhindert wird, ist eine Verh\u00fctung dieser Krankheit aussichtslos.<\/p>\n","protected":false},"excerpt":{"rendered":"<p>Herz- und Kreislauftote stehen nach wie vor an erster Stelle der Todesstatistik, obwohl von offizieller Seite seit Jahrzehnten Aufkl\u00e4rung betrieben wird. In diesem Buch erfahren Sie alles \u00fcber die wahren Ursachen von Herz-, Gef\u00e4\u00df- und Kreislauferkrankungen Der Autor: &#8220;Solange die Bev\u00f6lkerung die richtige Information vorenthalten und von Interessengruppen verhindert wird, ist eine Verh\u00fctung dieser Krankheit [&#8230;]\n","protected":false},"featured_media":14966,"comment_status":"closed","ping_status":"closed","template":"","meta":{"_acf_changed":false},"pwb-brand":[1128],"product_brand":[],"product_cat":[1072],"product_tag":[1082],"class_list":{"0":"post-9752","1":"product","2":"type-product","3":"status-publish","4":"has-post-thumbnail","6":"pwb-brand-emu-en","7":"product_cat-health","8":"product_tag-gesundheit-en","10":"first","11":"instock","12":"taxable","13":"shipping-taxable","14":"purchasable","15":"product-type-simple"},"bundled_by":[],"bundle_stock_status":"instock","bundle_stock_quantity":2,"bundle_virtual":false,"bundle_layout":"","bundle_add_to_cart_form_location":"","bundle_editable_in_cart":false,"bundle_sold_individually_context":"","bundle_item_grouping":"","bundle_min_size":"","bundle_max_size":"","bundle_price":[],"bundled_items":[],"bundle_sell_ids":[],"exclude_global_add_ons":[],"addons":[],"acf":[],"brands":[{"id":1128,"name":"emu","slug":"emu-en"}],"_links":{"self":[{"href":"https:\/\/luba.de\/en\/wp-json\/wp\/v2\/product\/9752","targetHints":{"allow":["GET"]}}],"collection":[{"href":"https:\/\/luba.de\/en\/wp-json\/wp\/v2\/product"}],"about":[{"href":"https:\/\/luba.de\/en\/wp-json\/wp\/v2\/types\/product"}],"replies":[{"embeddable":true,"href":"https:\/\/luba.de\/en\/wp-json\/wp\/v2\/comments?post=9752"}],"wp:featuredmedia":[{"embeddable":true,"href":"https:\/\/luba.de\/en\/wp-json\/wp\/v2\/media\/14966"}],"wp:attachment":[{"href":"https:\/\/luba.de\/en\/wp-json\/wp\/v2\/media?parent=9752"}],"wp:term":[{"taxonomy":"pwb-brand","embeddable":true,"href":"https:\/\/luba.de\/en\/wp-json\/wp\/v2\/pwb-brand?post=9752"},{"taxonomy":"product_brand","embeddable":true,"href":"https:\/\/luba.de\/en\/wp-json\/wp\/v2\/product_brand?post=9752"},{"taxonomy":"product_cat","embeddable":true,"href":"https:\/\/luba.de\/en\/wp-json\/wp\/v2\/product_cat?post=9752"},{"taxonomy":"product_tag","embeddable":true,"href":"https:\/\/luba.de\/en\/wp-json\/wp\/v2\/product_tag?post=9752"}],"curies":[{"name":"wp","href":"https:\/\/api.w.org\/{rel}","templated":true}]}}