{"id":9776,"date":"2020-03-14T10:11:09","date_gmt":"2020-03-14T09:11:09","guid":{"rendered":"https:\/\/luba.de\/product\/gutjahr-fasten-aber-richtig\/"},"modified":"2025-10-11T23:26:59","modified_gmt":"2025-10-11T21:26:59","slug":"gutjahr-fasten-aber-richtig","status":"publish","type":"product","link":"https:\/\/luba.de\/en\/gutjahr-fasten-aber-richtig\/","title":{"rendered":"Fasten &#8211; aber richtig!"},"content":{"rendered":"<p>Fasten &#8211; die &#8220;Operation ohne Messer&#8221;. Mit dieser Therapie k\u00f6nnen manche Krankheiten erheblich gebessert werden. Die Literatur zum Thema &#8220;Fasten&#8221; ist jedoch fast un\u00fcberschaubar geworden. Der Laie findet sich in dem Dschungel kaum noch zurecht. In diesem Leitfaden r\u00e4umen die Autoren nicht nur mit zahlreichen verwirrenden Begriffen rund um das Fasten auf, sondern geben auch praktische Ratschl\u00e4ge f\u00fcr die Durchf\u00fchrung des &#8220;echten&#8221; Fastens, das Fastenbrechen und die anschlie\u00dfende Lebensf\u00fchrung.<\/p>\n","protected":false},"excerpt":{"rendered":"<p>Fasten &#8211; die &#8220;Operation ohne Messer&#8221;. Mit dieser Therapie k\u00f6nnen manche Krankheiten erheblich gebessert werden. Die Literatur zum Thema &#8220;Fasten&#8221; ist jedoch fast un\u00fcberschaubar geworden. Der Laie findet sich in dem Dschungel kaum noch zurecht. In diesem Leitfaden r\u00e4umen die Autoren nicht nur mit zahlreichen verwirrenden Begriffen rund um das Fasten auf, sondern geben auch [&#8230;]\n","protected":false},"featured_media":20922,"comment_status":"closed","ping_status":"closed","template":"","meta":{"_acf_changed":false},"pwb-brand":[1128],"product_brand":[],"product_cat":[1069],"product_tag":[1070],"class_list":{"0":"post-9776","1":"product","2":"type-product","3":"status-publish","4":"has-post-thumbnail","6":"pwb-brand-emu-en","7":"product_cat-diet-weight-loss","8":"product_tag-fasten-abnehmen-en","10":"first","11":"instock","12":"taxable","13":"shipping-taxable","14":"purchasable","15":"product-type-simple"},"bundled_by":[],"bundle_stock_status":"instock","bundle_stock_quantity":2,"bundle_virtual":false,"bundle_layout":"","bundle_add_to_cart_form_location":"","bundle_editable_in_cart":false,"bundle_sold_individually_context":"","bundle_item_grouping":"","bundle_min_size":"","bundle_max_size":"","bundle_price":[],"bundled_items":[],"bundle_sell_ids":[],"exclude_global_add_ons":[],"addons":[],"acf":[],"brands":[{"id":1128,"name":"emu","slug":"emu-en"}],"_links":{"self":[{"href":"https:\/\/luba.de\/en\/wp-json\/wp\/v2\/product\/9776","targetHints":{"allow":["GET"]}}],"collection":[{"href":"https:\/\/luba.de\/en\/wp-json\/wp\/v2\/product"}],"about":[{"href":"https:\/\/luba.de\/en\/wp-json\/wp\/v2\/types\/product"}],"replies":[{"embeddable":true,"href":"https:\/\/luba.de\/en\/wp-json\/wp\/v2\/comments?post=9776"}],"wp:featuredmedia":[{"embeddable":true,"href":"https:\/\/luba.de\/en\/wp-json\/wp\/v2\/media\/20922"}],"wp:attachment":[{"href":"https:\/\/luba.de\/en\/wp-json\/wp\/v2\/media?parent=9776"}],"wp:term":[{"taxonomy":"pwb-brand","embeddable":true,"href":"https:\/\/luba.de\/en\/wp-json\/wp\/v2\/pwb-brand?post=9776"},{"taxonomy":"product_brand","embeddable":true,"href":"https:\/\/luba.de\/en\/wp-json\/wp\/v2\/product_brand?post=9776"},{"taxonomy":"product_cat","embeddable":true,"href":"https:\/\/luba.de\/en\/wp-json\/wp\/v2\/product_cat?post=9776"},{"taxonomy":"product_tag","embeddable":true,"href":"https:\/\/luba.de\/en\/wp-json\/wp\/v2\/product_tag?post=9776"}],"curies":[{"name":"wp","href":"https:\/\/api.w.org\/{rel}","templated":true}]}}