{"id":9782,"date":"2020-03-14T10:11:09","date_gmt":"2020-03-14T09:11:09","guid":{"rendered":"https:\/\/luba.de\/product\/grillparzer-glyx-diaet-das-kochbuch\/"},"modified":"2025-12-22T09:38:56","modified_gmt":"2025-12-22T08:38:56","slug":"grillparzer-glyx-diaet-das-kochbuch","status":"publish","type":"product","link":"https:\/\/luba.de\/en\/grillparzer-glyx-diaet-das-kochbuch\/","title":{"rendered":"Glyx-Di\u00e4t, das Kochbuch"},"content":{"rendered":"<p>Langfristig und gesund abnehmen kann ganz einfach sein. Wer sich vorwiegend von Lebensmitteln mit niedrigem GLYX ern\u00e4hrt, verliert Gewicht und gewinnt Gesundheit und Leichtigkeit. Die GLYX-Di\u00e4t verzichtet auf Kalorienz\u00e4hlen und strenge Regeln, sie ist vielmehr eine praxisfreundliche Anleitung zum Abnehmen mit Gl\u00fccks-Gef\u00fchl.<\/p>\n<p>Das Kochbuch zum Bestseller GLYX-Di\u00e4t &#8211; Abnehmen mit Gl\u00fccks-Gef\u00fchl enth\u00e4lt 222 neue und unkomplizierte, figurfreundliche Rezepte. Genuss und Erfolg im Kampf gegen die Waage sind garantiert! Die Power-Woche f\u00fcr Einsteiger und die vielen Praxisinformationen zum Essen nach dem GLYX erleichtern die Umstellung der Ern\u00e4hrung.<\/p>\n<p>&nbsp;<\/p>\n","protected":false},"excerpt":{"rendered":"<p>226 Rezepte zum Abnehmen<br \/>\nExtra: Einsteiger-Power-Woche<\/p>\n","protected":false},"featured_media":20920,"comment_status":"closed","ping_status":"closed","template":"","meta":{"_acf_changed":false},"pwb-brand":[1130],"product_brand":[],"product_cat":[1069],"product_tag":[1070],"class_list":{"0":"post-9782","1":"product","2":"type-product","3":"status-publish","4":"has-post-thumbnail","6":"pwb-brand-gu-en","7":"product_cat-diet-weight-loss","8":"product_tag-fasten-abnehmen-en","10":"first","11":"outofstock","12":"taxable","13":"shipping-taxable","14":"purchasable","15":"product-type-simple"},"bundled_by":[],"bundle_stock_status":"outofstock","bundle_stock_quantity":0,"bundle_virtual":false,"bundle_layout":"","bundle_add_to_cart_form_location":"","bundle_editable_in_cart":false,"bundle_sold_individually_context":"","bundle_item_grouping":"","bundle_min_size":"","bundle_max_size":"","bundle_price":[],"bundled_items":[],"bundle_sell_ids":[],"exclude_global_add_ons":[],"addons":[],"acf":[],"brands":[{"id":1130,"name":"GU","slug":"gu-en"}],"_links":{"self":[{"href":"https:\/\/luba.de\/en\/wp-json\/wp\/v2\/product\/9782","targetHints":{"allow":["GET"]}}],"collection":[{"href":"https:\/\/luba.de\/en\/wp-json\/wp\/v2\/product"}],"about":[{"href":"https:\/\/luba.de\/en\/wp-json\/wp\/v2\/types\/product"}],"replies":[{"embeddable":true,"href":"https:\/\/luba.de\/en\/wp-json\/wp\/v2\/comments?post=9782"}],"wp:featuredmedia":[{"embeddable":true,"href":"https:\/\/luba.de\/en\/wp-json\/wp\/v2\/media\/20920"}],"wp:attachment":[{"href":"https:\/\/luba.de\/en\/wp-json\/wp\/v2\/media?parent=9782"}],"wp:term":[{"taxonomy":"pwb-brand","embeddable":true,"href":"https:\/\/luba.de\/en\/wp-json\/wp\/v2\/pwb-brand?post=9782"},{"taxonomy":"product_brand","embeddable":true,"href":"https:\/\/luba.de\/en\/wp-json\/wp\/v2\/product_brand?post=9782"},{"taxonomy":"product_cat","embeddable":true,"href":"https:\/\/luba.de\/en\/wp-json\/wp\/v2\/product_cat?post=9782"},{"taxonomy":"product_tag","embeddable":true,"href":"https:\/\/luba.de\/en\/wp-json\/wp\/v2\/product_tag?post=9782"}],"curies":[{"name":"wp","href":"https:\/\/api.w.org\/{rel}","templated":true}]}}